{"id":2872,"date":"2024-05-27T16:57:39","date_gmt":"2024-05-27T16:57:39","guid":{"rendered":"https:\/\/bitcoinultrax.com\/about-us\/"},"modified":"2026-04-22T22:46:28","modified_gmt":"2026-04-22T22:46:28","slug":"about-us","status":"publish","type":"page","link":"https:\/\/bitcoinultrax.com\/cs\/about-us\/","title":{"rendered":"O n\u00e1s"},"content":{"rendered":"<h3>Kdo zalo\u017eil spole\u010dnost Bitcoin UltraX?<\/h3>\n<p>Spole\u010dnost Bitcoin UltraX zalo\u017eila skupina lid\u00ed slo\u017een\u00e1 z odborn\u00edk\u016f na obchodov\u00e1n\u00ed, matematik\u016f a investor\u016f. D\u00edky sv\u00fdm kolektivn\u00edm zku\u0161enostem maj\u00ed rozs\u00e1hl\u00e9 znalosti o trz\u00edch s kryptom\u011bnami a o tom, co je pot\u0159eba k \u00fasp\u011b\u0161n\u00e9mu obchodov\u00e1n\u00ed &#8211; navrhli pro v\u00e1s n\u00e1stroj, kter\u00fd v\u00e1m pom\u016f\u017ee p\u0159evz\u00edt kontrolu nad va\u0161imi investicemi do kryptom\u011bn.<\/p>\n<p>Kryptotrh m\u016f\u017ee b\u00fdt vzhledem ke sv\u00e9 temperamentn\u00ed povaze nep\u0159edv\u00eddateln\u00fd, a proto byla spole\u010dnost Bitcoin UltraX navr\u017eena tak, aby se s touto nep\u0159edv\u00eddatelnost\u00ed vyrovnala.<\/p>\n<h3>Vzd\u011bl\u00e1v\u00e1n\u00ed pomoc\u00ed Bitcoin UltraX<\/h3>\n<p>Bitcoin UltraX je vybavena \u0159adou vzd\u011bl\u00e1vac\u00edch zdroj\u016fS pomoc\u00ed s\u00edt\u011b Bitcoin UltraX se m\u016f\u017eete dozv\u011bd\u011bt o r\u016fzn\u00fdch t\u00e9matech souvisej\u00edc\u00edch s obchodov\u00e1n\u00edm. Pokud jste za\u010d\u00e1te\u010dn\u00edk, m\u016f\u017eete za\u010d\u00edt t\u00edm, \u017ee si procvi\u010d\u00edte a nau\u010d\u00edte se z\u00e1klady. Jako st\u00e1vaj\u00edc\u00ed obchodn\u00edk se m\u016f\u017eete v\u011bnovat vylep\u0161ov\u00e1n\u00ed sv\u00fdch strategi\u00ed a zvy\u0161ov\u00e1n\u00ed sv\u00e9ho ziskov\u00e9ho potenci\u00e1lu.<\/p>\n<p>Poskytli jsme v\u00e1m vzd\u011bl\u00e1vac\u00ed zdroje, kter\u00e9 v\u00e1m pomohou dostat se na dal\u0161\u00ed \u00farove\u0148 odborn\u00fdch znalost\u00ed v oblasti obchodov\u00e1n\u00ed a maxim\u00e1ln\u011b vyu\u017e\u00edt \u010das str\u00e1ven\u00fd obchodov\u00e1n\u00edm.<\/p>\n<h3>Vyu\u017eijte obchodov\u00e1n\u00ed s Bitcoin UltraX na maximum<\/h3>\n<p>S pomoc\u00ed v\u0161ech na\u0161ich u\u017eite\u010dn\u00fdch funkc\u00ed m\u016f\u017eete z\u00faro\u010dit sv\u00e9 zku\u0161enosti s obchodov\u00e1n\u00edm a dos\u00e1hnout sv\u00fdch c\u00edl\u016f. Kdy\u017e se p\u0159ipoj\u00edte k Bitcoin UltraX, m\u00e1te zaru\u010denou bezplatnou pomoc makl\u00e9\u0159e, kter\u00fd v\u00e1m pom\u016f\u017ee u\u010dit se a rozhodovat o va\u0161em \u00fa\u010dtu a transakc\u00edch. Doporu\u010dujeme v\u00e1m, abyste tento zdroj vyu\u017eili, zejm\u00e9na pokud jste za\u010d\u00ednaj\u00edc\u00ed obchodn\u00edk. D\u00edky tomu, \u017ee Bitcoin UltraX obchoduje va\u0161\u00edm jm\u00e9nem, m\u016f\u017eete z obchodov\u00e1n\u00ed vynechat emoce a spolehnout se na algoritmy, kter\u00e9 budou \u010dinit obchodn\u00ed rozhodnut\u00ed za v\u00e1s.<\/p>\n","protected":false},"excerpt":{"rendered":"<p>Kdo zalo\u017eil spole\u010dnost ? Spole\u010dnost zalo\u017eila skupina lid\u00ed slo\u017een\u00e1 z odborn\u00edk\u016f na obchodov\u00e1n\u00ed, matematik\u016f a investor\u016f. D\u00edky sv\u00fdm kolektivn\u00edm zku\u0161enostem maj\u00ed rozs\u00e1hl\u00e9 znalosti o trz\u00edch s kryptom\u011bnami a o tom, co je pot\u0159eba k \u00fasp\u011b\u0161n\u00e9mu obchodov\u00e1n\u00ed &#8211; navrhli pro v\u00e1s n\u00e1stroj, kter\u00fd v\u00e1m pom\u016f\u017ee p\u0159evz\u00edt kontrolu nad va\u0161imi investicemi do kryptom\u011bn. Kryptotrh m\u016f\u017ee b\u00fdt vzhledem [&hellip;]<\/p>\n","protected":false},"author":2,"featured_media":0,"parent":0,"menu_order":0,"comment_status":"closed","ping_status":"closed","template":"page-about.php","meta":{"footnotes":""},"class_list":["post-2872","page","type-page","status-publish","hentry"],"yoast_head":"<!-- This site is optimized with the Yoast SEO plugin v23.8 - https:\/\/yoast.com\/wordpress\/plugins\/seo\/ -->\n<title>Bitcoin UltraX \u2122 | Offici\u00eble website 2026 | Claim nu!<\/title>\n<meta name=\"robots\" content=\"index, follow, max-snippet:-1, max-image-preview:large, max-video-preview:-1\" \/>\n<meta property=\"og:locale\" content=\"cs_CZ\" \/>\n<meta property=\"og:site_name\" content=\"Bitcoin Ultra X\" \/>\n<meta property=\"article:modified_time\" content=\"2026-04-22T22:46:28+00:00\" \/>\n<meta name=\"twitter:card\" content=\"summary_large_image\" \/>\n<meta name=\"twitter:label1\" content=\"Odhadovan\u00e1 doba \u010dten\u00ed\" \/>\n\t<meta name=\"twitter:data1\" content=\"1 minuta\" \/>\n<!-- \/ Yoast SEO plugin. -->","yoast_head_json":{"title":"Bitcoin UltraX \u2122 | Offici\u00eble website 2026 | Claim nu!","robots":{"index":"index","follow":"follow","max-snippet":"max-snippet:-1","max-image-preview":"max-image-preview:large","max-video-preview":"max-video-preview:-1"},"og_locale":"cs_CZ","og_site_name":"Bitcoin Ultra X","article_modified_time":"2026-04-22T22:46:28+00:00","twitter_card":"summary_large_image","twitter_misc":{"Odhadovan\u00e1 doba \u010dten\u00ed":"1 minuta"},"schema":{"@context":"https:\/\/schema.org","@graph":[{"@type":"WebPage","@id":"https:\/\/bitcoinultrax.com\/cs\/about-us\/","url":"https:\/\/bitcoinultrax.com\/cs\/about-us\/","name":"O n\u00e1s - Bitcoin Ultra X","isPartOf":{"@id":"https:\/\/bitcoinultrax.com\/#website"},"datePublished":"2024-05-27T16:57:39+00:00","dateModified":"2026-04-22T22:46:28+00:00","breadcrumb":{"@id":"https:\/\/bitcoinultrax.com\/cs\/about-us\/#breadcrumb"},"inLanguage":"cs","potentialAction":[{"@type":"ReadAction","target":["https:\/\/bitcoinultrax.com\/cs\/about-us\/"]}]},{"@type":"BreadcrumbList","@id":"https:\/\/bitcoinultrax.com\/cs\/about-us\/#breadcrumb","itemListElement":[{"@type":"ListItem","position":1,"name":"Home","item":"https:\/\/bitcoinultrax.com\/"},{"@type":"ListItem","position":2,"name":"O n\u00e1s"}]},{"@type":"WebSite","@id":"https:\/\/bitcoinultrax.com\/#website","url":"https:\/\/bitcoinultrax.com\/","name":"Bitcoin Ultra X","description":"","potentialAction":[{"@type":"SearchAction","target":{"@type":"EntryPoint","urlTemplate":"https:\/\/bitcoinultrax.com\/?s={search_term_string}"},"query-input":{"@type":"PropertyValueSpecification","valueRequired":true,"valueName":"search_term_string"}}],"inLanguage":"cs"}]}},"_links":{"self":[{"href":"https:\/\/bitcoinultrax.com\/cs\/wp-json\/wp\/v2\/pages\/2872","targetHints":{"allow":["GET"]}}],"collection":[{"href":"https:\/\/bitcoinultrax.com\/cs\/wp-json\/wp\/v2\/pages"}],"about":[{"href":"https:\/\/bitcoinultrax.com\/cs\/wp-json\/wp\/v2\/types\/page"}],"author":[{"embeddable":true,"href":"https:\/\/bitcoinultrax.com\/cs\/wp-json\/wp\/v2\/users\/2"}],"replies":[{"embeddable":true,"href":"https:\/\/bitcoinultrax.com\/cs\/wp-json\/wp\/v2\/comments?post=2872"}],"version-history":[{"count":10,"href":"https:\/\/bitcoinultrax.com\/cs\/wp-json\/wp\/v2\/pages\/2872\/revisions"}],"predecessor-version":[{"id":3311,"href":"https:\/\/bitcoinultrax.com\/cs\/wp-json\/wp\/v2\/pages\/2872\/revisions\/3311"}],"wp:attachment":[{"href":"https:\/\/bitcoinultrax.com\/cs\/wp-json\/wp\/v2\/media?parent=2872"}],"curies":[{"name":"wp","href":"https:\/\/api.w.org\/{rel}","templated":true}]}}