{"id":2084,"date":"2024-05-27T16:58:01","date_gmt":"2024-05-27T16:58:01","guid":{"rendered":"https:\/\/loc.bitcoinultrax.com\/contact-us\/"},"modified":"2026-04-22T22:48:04","modified_gmt":"2026-04-22T22:48:04","slug":"contact-us","status":"publish","type":"page","link":"https:\/\/bitcoinultrax.com\/da\/contact-us\/","title":{"rendered":"Kontakt os"},"content":{"rendered":"<div>\n<h1>Kontakt Bitcoin UltraX<\/h1>\n<p>Uanset om du har sp\u00f8rgsm\u00e5l, brug for hj\u00e6lp eller \u00f8nsker at give feedback, er vores team klar til at hj\u00e6lpe. Brug venligst nedenst\u00e5ende oplysninger for at komme i kontakt med os.<\/p>\n<\/div>\n<div>\n<h4>Postadresse<\/h4>\n<p>K.Kartali<\/p>\n<p>68 64<\/p>\n<p>2. etage<\/p>\n<p>Volos 382 21<\/p>\n<p>Gr\u00e6kenland<\/p>\n<h4>Forretningsm\u00e6ssige foresp\u00f8rgsler<\/h4>\n<p>For partnerskabsmuligheder, medieforesp\u00f8rgsler eller andre forretningsrelaterede sp\u00f8rgsm\u00e5l, kontakt os venligst p\u00e5:<br \/>\n<a href=\"mailto:business@bitcoinultrax.com\">business@bitcoinultrax.com<\/a><\/p>\n<h4>Support via e-mail<\/h4>\n<p>For foresp\u00f8rgsler eller supportanmodninger, send os en e-mail p\u00e5:<br \/>\n<a href=\"mailto:support@bitcoinultrax.com\">support@bitcoinultrax.com<\/a><\/p>\n<\/div>\n","protected":false},"excerpt":{"rendered":"<p>Kontakt Uanset om du har sp\u00f8rgsm\u00e5l, brug for hj\u00e6lp eller \u00f8nsker at give feedback, er vores team klar til at hj\u00e6lpe. Brug venligst nedenst\u00e5ende oplysninger for at komme i kontakt med os. Postadresse K.Kartali 68 64 2. etage Volos 382 21 Gr\u00e6kenland Forretningsm\u00e6ssige foresp\u00f8rgsler For partnerskabsmuligheder, medieforesp\u00f8rgsler eller andre forretningsrelaterede sp\u00f8rgsm\u00e5l, kontakt os venligst p\u00e5: [&hellip;]<\/p>\n","protected":false},"author":2,"featured_media":0,"parent":0,"menu_order":0,"comment_status":"closed","ping_status":"closed","template":"page-contact.php","meta":{"footnotes":""},"class_list":["post-2084","page","type-page","status-publish","hentry"],"yoast_head":"<!-- This site is optimized with the Yoast SEO plugin v23.8 - https:\/\/yoast.com\/wordpress\/plugins\/seo\/ -->\n<title>Bitcoin UltraX \u2122 | Offici\u00eble website 2026 | Claim nu!<\/title>\n<meta name=\"robots\" content=\"index, follow, max-snippet:-1, max-image-preview:large, max-video-preview:-1\" \/>\n<meta property=\"og:locale\" content=\"da_DK\" \/>\n<meta property=\"og:site_name\" content=\"Bitcoin Ultra X\" \/>\n<meta property=\"article:modified_time\" content=\"2026-04-22T22:48:04+00:00\" \/>\n<meta name=\"twitter:card\" content=\"summary_large_image\" \/>\n<meta name=\"twitter:label1\" content=\"Estimeret l\u00e6setid\" \/>\n\t<meta name=\"twitter:data1\" content=\"1 minut\" \/>\n<!-- \/ Yoast SEO plugin. -->","yoast_head_json":{"title":"Bitcoin UltraX \u2122 | Offici\u00eble website 2026 | Claim nu!","robots":{"index":"index","follow":"follow","max-snippet":"max-snippet:-1","max-image-preview":"max-image-preview:large","max-video-preview":"max-video-preview:-1"},"og_locale":"da_DK","og_site_name":"Bitcoin Ultra X","article_modified_time":"2026-04-22T22:48:04+00:00","twitter_card":"summary_large_image","twitter_misc":{"Estimeret l\u00e6setid":"1 minut"},"schema":{"@context":"https:\/\/schema.org","@graph":[{"@type":"WebPage","@id":"https:\/\/bitcoinultrax.com\/da\/contact-us\/","url":"https:\/\/bitcoinultrax.com\/da\/contact-us\/","name":"Kontakt os - Bitcoin Ultra X","isPartOf":{"@id":"https:\/\/bitcoinultrax.com\/#website"},"datePublished":"2024-05-27T16:58:01+00:00","dateModified":"2026-04-22T22:48:04+00:00","breadcrumb":{"@id":"https:\/\/bitcoinultrax.com\/da\/contact-us\/#breadcrumb"},"inLanguage":"da-DK","potentialAction":[{"@type":"ReadAction","target":["https:\/\/bitcoinultrax.com\/da\/contact-us\/"]}]},{"@type":"BreadcrumbList","@id":"https:\/\/bitcoinultrax.com\/da\/contact-us\/#breadcrumb","itemListElement":[{"@type":"ListItem","position":1,"name":"Home","item":"https:\/\/bitcoinultrax.com\/"},{"@type":"ListItem","position":2,"name":"Kontakt os"}]},{"@type":"WebSite","@id":"https:\/\/bitcoinultrax.com\/#website","url":"https:\/\/bitcoinultrax.com\/","name":"Bitcoin Ultra X","description":"","potentialAction":[{"@type":"SearchAction","target":{"@type":"EntryPoint","urlTemplate":"https:\/\/bitcoinultrax.com\/?s={search_term_string}"},"query-input":{"@type":"PropertyValueSpecification","valueRequired":true,"valueName":"search_term_string"}}],"inLanguage":"da-DK"}]}},"_links":{"self":[{"href":"https:\/\/bitcoinultrax.com\/da\/wp-json\/wp\/v2\/pages\/2084","targetHints":{"allow":["GET"]}}],"collection":[{"href":"https:\/\/bitcoinultrax.com\/da\/wp-json\/wp\/v2\/pages"}],"about":[{"href":"https:\/\/bitcoinultrax.com\/da\/wp-json\/wp\/v2\/types\/page"}],"author":[{"embeddable":true,"href":"https:\/\/bitcoinultrax.com\/da\/wp-json\/wp\/v2\/users\/2"}],"replies":[{"embeddable":true,"href":"https:\/\/bitcoinultrax.com\/da\/wp-json\/wp\/v2\/comments?post=2084"}],"version-history":[{"count":8,"href":"https:\/\/bitcoinultrax.com\/da\/wp-json\/wp\/v2\/pages\/2084\/revisions"}],"predecessor-version":[{"id":3298,"href":"https:\/\/bitcoinultrax.com\/da\/wp-json\/wp\/v2\/pages\/2084\/revisions\/3298"}],"wp:attachment":[{"href":"https:\/\/bitcoinultrax.com\/da\/wp-json\/wp\/v2\/media?parent=2084"}],"curies":[{"name":"wp","href":"https:\/\/api.w.org\/{rel}","templated":true}]}}