{"id":2873,"date":"2024-05-27T16:57:39","date_gmt":"2024-05-27T16:57:39","guid":{"rendered":"https:\/\/bitcoinultrax.com\/about-us\/"},"modified":"2026-04-22T22:46:33","modified_gmt":"2026-04-22T22:46:33","slug":"about-us","status":"publish","type":"page","link":"https:\/\/bitcoinultrax.com\/da\/about-us\/","title":{"rendered":"Om os"},"content":{"rendered":"<h3>Hvem startede Bitcoin UltraX?<\/h3>\n<p>Bitcoin UltraX blev startet af en gruppe mennesker best\u00e5ende af handelseksperter, matematikere og investorer. Med deres samlede ekspertise har de et omfattende kendskab til kryptomarkederne, og hvad der skal til for at handle med succes &#8211; og de har designet et v\u00e6rkt\u00f8j til dig, s\u00e5 du kan tage h\u00e5nd om dine kryptoinvesteringer.<\/p>\n<p>Kryptomarkedet kan v\u00e6re uforudsigeligt p\u00e5 grund af dets temperamentsfulde natur, s\u00e5 Bitcoin UltraX er designet til at h\u00e5ndtere denne uforudsigelighed.<\/p>\n<h3>Uddan dig selv med Bitcoin UltraX<\/h3>\n<p>Bitcoin UltraX er udstyret med en masse uddannelsesressourcerMed hj\u00e6lp fra dit Bitcoin UltraX-netv\u00e6rk kan du l\u00e6re om forskellige emner, der er involveret i handel. Hvis du er nybegynder, kan du starte med at \u00f8ve dig og l\u00e6re det grundl\u00e6ggende. Som eksisterende trader kan du se p\u00e5, hvordan du kan finjustere dine strategier og forbedre dit profitpotentiale.<\/p>\n<p>Vi har stillet l\u00e6ringsressourcer til r\u00e5dighed for at hj\u00e6lpe dig med at n\u00e5 det n\u00e6ste niveau af handelsekspertise og f\u00e5 mest muligt ud af den tid, du bruger p\u00e5 at handle.<\/p>\n<h3>F\u00e5 mest muligt ud af at handle med Bitcoin UltraX<\/h3>\n<p>Ved hj\u00e6lp af alle vores nyttige funktioner kan du udnytte din handelsoplevelse og n\u00e5 dine m\u00e5l. N\u00e5r du tilmelder dig Bitcoin UltraX, er du garanteret en gratis m\u00e6gler, som kan hj\u00e6lpe dig med at l\u00e6re og tr\u00e6ffe beslutninger om din konto og dine transaktioner. Det anbefales, at du bruger denne ressource, is\u00e6r hvis du er en ny trader. N\u00e5r Bitcoin UltraX handler p\u00e5 dine vegne, kan du fjerne f\u00f8lelserne fra handelsprocessen og stole p\u00e5, at algoritmerne tr\u00e6ffer dine handelsbeslutninger for dig.<\/p>\n","protected":false},"excerpt":{"rendered":"<p>Hvem startede ? blev startet af en gruppe mennesker best\u00e5ende af handelseksperter, matematikere og investorer. Med deres samlede ekspertise har de et omfattende kendskab til kryptomarkederne, og hvad der skal til for at handle med succes &#8211; og de har designet et v\u00e6rkt\u00f8j til dig, s\u00e5 du kan tage h\u00e5nd om dine kryptoinvesteringer. Kryptomarkedet kan [&hellip;]<\/p>\n","protected":false},"author":2,"featured_media":0,"parent":0,"menu_order":0,"comment_status":"closed","ping_status":"closed","template":"page-about.php","meta":{"footnotes":""},"class_list":["post-2873","page","type-page","status-publish","hentry"],"yoast_head":"<!-- This site is optimized with the Yoast SEO plugin v23.8 - https:\/\/yoast.com\/wordpress\/plugins\/seo\/ -->\n<title>Bitcoin UltraX \u2122 | Offici\u00eble website 2026 | Claim nu!<\/title>\n<meta name=\"robots\" content=\"index, follow, max-snippet:-1, max-image-preview:large, max-video-preview:-1\" \/>\n<meta property=\"og:locale\" content=\"da_DK\" \/>\n<meta property=\"og:site_name\" content=\"Bitcoin Ultra X\" \/>\n<meta property=\"article:modified_time\" content=\"2026-04-22T22:46:33+00:00\" \/>\n<meta name=\"twitter:card\" content=\"summary_large_image\" \/>\n<meta name=\"twitter:label1\" content=\"Estimeret l\u00e6setid\" \/>\n\t<meta name=\"twitter:data1\" content=\"2 minutter\" \/>\n<!-- \/ Yoast SEO plugin. -->","yoast_head_json":{"title":"Bitcoin UltraX \u2122 | Offici\u00eble website 2026 | Claim nu!","robots":{"index":"index","follow":"follow","max-snippet":"max-snippet:-1","max-image-preview":"max-image-preview:large","max-video-preview":"max-video-preview:-1"},"og_locale":"da_DK","og_site_name":"Bitcoin Ultra X","article_modified_time":"2026-04-22T22:46:33+00:00","twitter_card":"summary_large_image","twitter_misc":{"Estimeret l\u00e6setid":"2 minutter"},"schema":{"@context":"https:\/\/schema.org","@graph":[{"@type":"WebPage","@id":"https:\/\/bitcoinultrax.com\/da\/about-us\/","url":"https:\/\/bitcoinultrax.com\/da\/about-us\/","name":"Om os - Bitcoin Ultra X","isPartOf":{"@id":"https:\/\/bitcoinultrax.com\/#website"},"datePublished":"2024-05-27T16:57:39+00:00","dateModified":"2026-04-22T22:46:33+00:00","breadcrumb":{"@id":"https:\/\/bitcoinultrax.com\/da\/about-us\/#breadcrumb"},"inLanguage":"da-DK","potentialAction":[{"@type":"ReadAction","target":["https:\/\/bitcoinultrax.com\/da\/about-us\/"]}]},{"@type":"BreadcrumbList","@id":"https:\/\/bitcoinultrax.com\/da\/about-us\/#breadcrumb","itemListElement":[{"@type":"ListItem","position":1,"name":"Home","item":"https:\/\/bitcoinultrax.com\/"},{"@type":"ListItem","position":2,"name":"Om os"}]},{"@type":"WebSite","@id":"https:\/\/bitcoinultrax.com\/#website","url":"https:\/\/bitcoinultrax.com\/","name":"Bitcoin Ultra X","description":"","potentialAction":[{"@type":"SearchAction","target":{"@type":"EntryPoint","urlTemplate":"https:\/\/bitcoinultrax.com\/?s={search_term_string}"},"query-input":{"@type":"PropertyValueSpecification","valueRequired":true,"valueName":"search_term_string"}}],"inLanguage":"da-DK"}]}},"_links":{"self":[{"href":"https:\/\/bitcoinultrax.com\/da\/wp-json\/wp\/v2\/pages\/2873","targetHints":{"allow":["GET"]}}],"collection":[{"href":"https:\/\/bitcoinultrax.com\/da\/wp-json\/wp\/v2\/pages"}],"about":[{"href":"https:\/\/bitcoinultrax.com\/da\/wp-json\/wp\/v2\/types\/page"}],"author":[{"embeddable":true,"href":"https:\/\/bitcoinultrax.com\/da\/wp-json\/wp\/v2\/users\/2"}],"replies":[{"embeddable":true,"href":"https:\/\/bitcoinultrax.com\/da\/wp-json\/wp\/v2\/comments?post=2873"}],"version-history":[{"count":10,"href":"https:\/\/bitcoinultrax.com\/da\/wp-json\/wp\/v2\/pages\/2873\/revisions"}],"predecessor-version":[{"id":3312,"href":"https:\/\/bitcoinultrax.com\/da\/wp-json\/wp\/v2\/pages\/2873\/revisions\/3312"}],"wp:attachment":[{"href":"https:\/\/bitcoinultrax.com\/da\/wp-json\/wp\/v2\/media?parent=2873"}],"curies":[{"name":"wp","href":"https:\/\/api.w.org\/{rel}","templated":true}]}}