{"id":2877,"date":"2024-05-27T16:57:39","date_gmt":"2024-05-27T16:57:39","guid":{"rendered":"https:\/\/bitcoinultrax.com\/about-us\/"},"modified":"2026-04-22T22:46:57","modified_gmt":"2026-04-22T22:46:57","slug":"about-us","status":"publish","type":"page","link":"https:\/\/bitcoinultrax.com\/de\/about-us\/","title":{"rendered":"\u00dcber uns"},"content":{"rendered":"<h3>Wer hat Bitcoin UltraX gegr\u00fcndet?<\/h3>\n<p>Bitcoin UltraX wurde von einer Gruppe von Menschen gegr\u00fcndet, die sich aus Handelsexperten, Mathematikern und Investoren zusammensetzt. Mit ihrem kollektiven Fachwissen haben sie ein umfangreiches Wissen \u00fcber die Krypto-M\u00e4rkte und was es braucht, um erfolgreich zu handeln &#8211; ein Werkzeug f\u00fcr Sie zu entwickeln, um Ihre Krypto-Investitionen in die Hand zu nehmen.<\/p>\n<p>Der Kryptomarkt kann aufgrund seiner launischen Natur unberechenbar sein, daher wurde Bitcoin UltraX entwickelt, um mit dieser Unberechenbarkeit umzugehen.<\/p>\n<h3>Informieren Sie sich mit Bitcoin UltraX<\/h3>\n<p>Bitcoin UltraX ist mit einer Reihe von Bildungsressourcen ausgestattetMit Hilfe Ihres Bitcoin UltraX-Netzwerks k\u00f6nnen Sie sich \u00fcber verschiedene Themen rund um den Handel informieren. Wenn Sie Anf\u00e4nger sind, k\u00f6nnen Sie damit beginnen, zu \u00fcben und die Grundlagen zu lernen. Wenn Sie bereits H\u00e4ndler sind, k\u00f6nnen Sie Ihre Strategien optimieren und Ihr Gewinnpotenzial verbessern.<\/p>\n<p>Wir haben Lernressourcen zur Verf\u00fcgung gestellt, die Ihnen helfen, die n\u00e4chste Stufe der Handelskompetenz zu erreichen und das Beste aus Ihrer Zeit beim Handel zu machen.<\/p>\n<h3>Machen Sie das Beste aus dem Handel mit Bitcoin UltraX<\/h3>\n<p>Mit Hilfe all unserer hilfreichen Funktionen k\u00f6nnen Sie aus Ihrer Handelserfahrung Kapital schlagen und Ihre Ziele erreichen. Wenn Sie sich bei Bitcoin UltraX anmelden, erhalten Sie garantiert einen kostenlosen Broker, der Ihnen hilft, zu lernen und Entscheidungen bez\u00fcglich Ihres Kontos und Ihrer Transaktionen zu treffen. Es ist ratsam, diese Ressource zu nutzen, insbesondere wenn Sie ein neuer H\u00e4ndler sind. Wenn Bitcoin UltraX in Ihrem Namen handelt, k\u00f6nnen Sie die Emotionen aus dem Handelsprozess herausnehmen und sich auf die Algorithmen verlassen, die Ihre Handelsentscheidungen f\u00fcr Sie treffen.<\/p>\n","protected":false},"excerpt":{"rendered":"<p>Wer hat gegr\u00fcndet? wurde von einer Gruppe von Menschen gegr\u00fcndet, die sich aus Handelsexperten, Mathematikern und Investoren zusammensetzt. Mit ihrem kollektiven Fachwissen haben sie ein umfangreiches Wissen \u00fcber die Krypto-M\u00e4rkte und was es braucht, um erfolgreich zu handeln &#8211; ein Werkzeug f\u00fcr Sie zu entwickeln, um Ihre Krypto-Investitionen in die Hand zu nehmen. Der Kryptomarkt [&hellip;]<\/p>\n","protected":false},"author":2,"featured_media":0,"parent":0,"menu_order":0,"comment_status":"closed","ping_status":"closed","template":"page-about.php","meta":{"footnotes":""},"class_list":["post-2877","page","type-page","status-publish","hentry"],"yoast_head":"<!-- This site is optimized with the Yoast SEO plugin v23.8 - https:\/\/yoast.com\/wordpress\/plugins\/seo\/ -->\n<title>Bitcoin UltraX \u2122 | Offizielle Website 2026 | Beanspruche jetzt!<\/title>\n<meta name=\"robots\" content=\"index, follow, max-snippet:-1, max-image-preview:large, max-video-preview:-1\" \/>\n<meta property=\"og:locale\" content=\"de_DE\" \/>\n<meta property=\"og:site_name\" content=\"Bitcoin Ultra X\" \/>\n<meta property=\"article:modified_time\" content=\"2026-04-22T22:46:57+00:00\" \/>\n<meta name=\"twitter:card\" content=\"summary_large_image\" \/>\n<meta name=\"twitter:label1\" content=\"Gesch\u00e4tzte Lesezeit\" \/>\n\t<meta name=\"twitter:data1\" content=\"2 Minuten\" \/>\n<!-- \/ Yoast SEO plugin. -->","yoast_head_json":{"title":"Bitcoin UltraX \u2122 | Offizielle Website 2026 | Beanspruche jetzt!","robots":{"index":"index","follow":"follow","max-snippet":"max-snippet:-1","max-image-preview":"max-image-preview:large","max-video-preview":"max-video-preview:-1"},"og_locale":"de_DE","og_site_name":"Bitcoin Ultra X","article_modified_time":"2026-04-22T22:46:57+00:00","twitter_card":"summary_large_image","twitter_misc":{"Gesch\u00e4tzte Lesezeit":"2 Minuten"},"schema":{"@context":"https:\/\/schema.org","@graph":[{"@type":"WebPage","@id":"https:\/\/bitcoinultrax.com\/de\/about-us\/","url":"https:\/\/bitcoinultrax.com\/de\/about-us\/","name":"\u00dcber uns - Bitcoin Ultra X","isPartOf":{"@id":"https:\/\/bitcoinultrax.com\/#website"},"datePublished":"2024-05-27T16:57:39+00:00","dateModified":"2026-04-22T22:46:57+00:00","breadcrumb":{"@id":"https:\/\/bitcoinultrax.com\/de\/about-us\/#breadcrumb"},"inLanguage":"de","potentialAction":[{"@type":"ReadAction","target":["https:\/\/bitcoinultrax.com\/de\/about-us\/"]}]},{"@type":"BreadcrumbList","@id":"https:\/\/bitcoinultrax.com\/de\/about-us\/#breadcrumb","itemListElement":[{"@type":"ListItem","position":1,"name":"Home","item":"https:\/\/bitcoinultrax.com\/"},{"@type":"ListItem","position":2,"name":"\u00dcber uns"}]},{"@type":"WebSite","@id":"https:\/\/bitcoinultrax.com\/#website","url":"https:\/\/bitcoinultrax.com\/","name":"Bitcoin Ultra X","description":"","potentialAction":[{"@type":"SearchAction","target":{"@type":"EntryPoint","urlTemplate":"https:\/\/bitcoinultrax.com\/?s={search_term_string}"},"query-input":{"@type":"PropertyValueSpecification","valueRequired":true,"valueName":"search_term_string"}}],"inLanguage":"de"}]}},"_links":{"self":[{"href":"https:\/\/bitcoinultrax.com\/de\/wp-json\/wp\/v2\/pages\/2877","targetHints":{"allow":["GET"]}}],"collection":[{"href":"https:\/\/bitcoinultrax.com\/de\/wp-json\/wp\/v2\/pages"}],"about":[{"href":"https:\/\/bitcoinultrax.com\/de\/wp-json\/wp\/v2\/types\/page"}],"author":[{"embeddable":true,"href":"https:\/\/bitcoinultrax.com\/de\/wp-json\/wp\/v2\/users\/2"}],"replies":[{"embeddable":true,"href":"https:\/\/bitcoinultrax.com\/de\/wp-json\/wp\/v2\/comments?post=2877"}],"version-history":[{"count":10,"href":"https:\/\/bitcoinultrax.com\/de\/wp-json\/wp\/v2\/pages\/2877\/revisions"}],"predecessor-version":[{"id":3316,"href":"https:\/\/bitcoinultrax.com\/de\/wp-json\/wp\/v2\/pages\/2877\/revisions\/3316"}],"wp:attachment":[{"href":"https:\/\/bitcoinultrax.com\/de\/wp-json\/wp\/v2\/media?parent=2877"}],"curies":[{"name":"wp","href":"https:\/\/api.w.org\/{rel}","templated":true}]}}