{"id":2876,"date":"2024-05-27T16:57:39","date_gmt":"2024-05-27T16:57:39","guid":{"rendered":"https:\/\/bitcoinultrax.com\/about-us\/"},"modified":"2026-04-22T22:46:54","modified_gmt":"2026-04-22T22:46:54","slug":"about-us","status":"publish","type":"page","link":"https:\/\/bitcoinultrax.com\/fr\/about-us\/","title":{"rendered":"\u00c0 propos de nous"},"content":{"rendered":"<h3>Qui est \u00e0 l&rsquo;origine de Bitcoin UltraX ?<\/h3>\n<p>Bitcoin UltraX a \u00e9t\u00e9 cr\u00e9\u00e9 par un groupe de personnes compos\u00e9 d&rsquo;experts en trading, de math\u00e9maticiens et d&rsquo;investisseurs. Gr\u00e2ce \u00e0 leur expertise collective, ils ont une connaissance approfondie des march\u00e9s cryptographiques et de ce qu&rsquo;il faut pour trader avec succ\u00e8s &#8211; en concevant un outil pour vous aider \u00e0 prendre en charge vos investissements cryptographiques.<\/p>\n<p>Le march\u00e9 des crypto-monnaies peut \u00eatre impr\u00e9visible en raison de sa nature capricieuse, c&rsquo;est pourquoi Bitcoin UltraX a \u00e9t\u00e9 con\u00e7u pour faire face \u00e0 cette impr\u00e9visibilit\u00e9.<\/p>\n<h3>Se former avec Bitcoin UltraX<\/h3>\n<p>Avec l&rsquo;aide de votre r\u00e9seau Bitcoin UltraX, vous pouvez vous informer sur diff\u00e9rents sujets li\u00e9s \u00e0 la n\u00e9gociation. Si vous \u00eates d\u00e9butant, vous pouvez commencer par vous entra\u00eener et apprendre les bases. Si vous \u00eates d\u00e9j\u00e0 trader, vous pouvez chercher \u00e0 am\u00e9liorer vos strat\u00e9gies et votre potentiel de profit.<\/p>\n<p>Nous avons mis \u00e0 votre disposition des ressources d&rsquo;apprentissage pour vous aider \u00e0 atteindre le niveau suivant d&rsquo;expertise en mati\u00e8re de trading et \u00e0 tirer le meilleur parti du temps que vous passez \u00e0 trader.<\/p>\n<h3>Tirer le meilleur parti de la n\u00e9gociation avec Bitcoin UltraX<\/h3>\n<p>Avec l&rsquo;aide de toutes nos fonctionnalit\u00e9s utiles, vous pouvez capitaliser sur votre exp\u00e9rience de trading et atteindre vos objectifs. Lorsque vous rejoignez Bitcoin UltraX, vous avez la garantie d&rsquo;avoir un courtier gratuit pour vous aider \u00e0 apprendre et \u00e0 prendre des d\u00e9cisions concernant votre compte et vos transactions. Il est conseill\u00e9 d&rsquo;utiliser cette ressource, surtout si vous \u00eates un nouveau trader. Avec Bitcoin UltraX qui n\u00e9gocie en votre nom, vous pouvez laisser vos \u00e9motions de c\u00f4t\u00e9 et vous fier aux algorithmes pour prendre vos d\u00e9cisions de trading \u00e0 votre place.<\/p>\n","protected":false},"excerpt":{"rendered":"<p>Qui est \u00e0 l&rsquo;origine de ? a \u00e9t\u00e9 cr\u00e9\u00e9 par un groupe de personnes compos\u00e9 d&rsquo;experts en trading, de math\u00e9maticiens et d&rsquo;investisseurs. Gr\u00e2ce \u00e0 leur expertise collective, ils ont une connaissance approfondie des march\u00e9s cryptographiques et de ce qu&rsquo;il faut pour trader avec succ\u00e8s &#8211; en concevant un outil pour vous aider \u00e0 prendre en [&hellip;]<\/p>\n","protected":false},"author":2,"featured_media":0,"parent":0,"menu_order":0,"comment_status":"closed","ping_status":"closed","template":"page-about.php","meta":{"footnotes":""},"class_list":["post-2876","page","type-page","status-publish","hentry"],"yoast_head":"<!-- This site is optimized with the Yoast SEO plugin v23.8 - https:\/\/yoast.com\/wordpress\/plugins\/seo\/ -->\n<title>Bitcoin UltraX \u2122 | Offici\u00eble website 2026 | Claim nu!<\/title>\n<meta name=\"robots\" content=\"index, follow, max-snippet:-1, max-image-preview:large, max-video-preview:-1\" \/>\n<meta property=\"og:locale\" content=\"fr_FR\" \/>\n<meta property=\"og:site_name\" content=\"Bitcoin Ultra X\" \/>\n<meta property=\"article:modified_time\" content=\"2026-04-22T22:46:54+00:00\" \/>\n<meta name=\"twitter:card\" content=\"summary_large_image\" \/>\n<meta name=\"twitter:label1\" content=\"Dur\u00e9e de lecture estim\u00e9e\" \/>\n\t<meta name=\"twitter:data1\" content=\"2 minutes\" \/>\n<!-- \/ Yoast SEO plugin. -->","yoast_head_json":{"title":"Bitcoin UltraX \u2122 | Offici\u00eble website 2026 | Claim nu!","robots":{"index":"index","follow":"follow","max-snippet":"max-snippet:-1","max-image-preview":"max-image-preview:large","max-video-preview":"max-video-preview:-1"},"og_locale":"fr_FR","og_site_name":"Bitcoin Ultra X","article_modified_time":"2026-04-22T22:46:54+00:00","twitter_card":"summary_large_image","twitter_misc":{"Dur\u00e9e de lecture estim\u00e9e":"2 minutes"},"schema":{"@context":"https:\/\/schema.org","@graph":[{"@type":"WebPage","@id":"https:\/\/bitcoinultrax.com\/fr\/about-us\/","url":"https:\/\/bitcoinultrax.com\/fr\/about-us\/","name":"\u00c0 propos de nous - Bitcoin Ultra X","isPartOf":{"@id":"https:\/\/bitcoinultrax.com\/#website"},"datePublished":"2024-05-27T16:57:39+00:00","dateModified":"2026-04-22T22:46:54+00:00","breadcrumb":{"@id":"https:\/\/bitcoinultrax.com\/fr\/about-us\/#breadcrumb"},"inLanguage":"fr-FR","potentialAction":[{"@type":"ReadAction","target":["https:\/\/bitcoinultrax.com\/fr\/about-us\/"]}]},{"@type":"BreadcrumbList","@id":"https:\/\/bitcoinultrax.com\/fr\/about-us\/#breadcrumb","itemListElement":[{"@type":"ListItem","position":1,"name":"Home","item":"https:\/\/bitcoinultrax.com\/"},{"@type":"ListItem","position":2,"name":"\u00c0 propos de nous"}]},{"@type":"WebSite","@id":"https:\/\/bitcoinultrax.com\/#website","url":"https:\/\/bitcoinultrax.com\/","name":"Bitcoin Ultra X","description":"","potentialAction":[{"@type":"SearchAction","target":{"@type":"EntryPoint","urlTemplate":"https:\/\/bitcoinultrax.com\/?s={search_term_string}"},"query-input":{"@type":"PropertyValueSpecification","valueRequired":true,"valueName":"search_term_string"}}],"inLanguage":"fr-FR"}]}},"_links":{"self":[{"href":"https:\/\/bitcoinultrax.com\/fr\/wp-json\/wp\/v2\/pages\/2876","targetHints":{"allow":["GET"]}}],"collection":[{"href":"https:\/\/bitcoinultrax.com\/fr\/wp-json\/wp\/v2\/pages"}],"about":[{"href":"https:\/\/bitcoinultrax.com\/fr\/wp-json\/wp\/v2\/types\/page"}],"author":[{"embeddable":true,"href":"https:\/\/bitcoinultrax.com\/fr\/wp-json\/wp\/v2\/users\/2"}],"replies":[{"embeddable":true,"href":"https:\/\/bitcoinultrax.com\/fr\/wp-json\/wp\/v2\/comments?post=2876"}],"version-history":[{"count":12,"href":"https:\/\/bitcoinultrax.com\/fr\/wp-json\/wp\/v2\/pages\/2876\/revisions"}],"predecessor-version":[{"id":3315,"href":"https:\/\/bitcoinultrax.com\/fr\/wp-json\/wp\/v2\/pages\/2876\/revisions\/3315"}],"wp:attachment":[{"href":"https:\/\/bitcoinultrax.com\/fr\/wp-json\/wp\/v2\/media?parent=2876"}],"curies":[{"name":"wp","href":"https:\/\/api.w.org\/{rel}","templated":true}]}}