{"id":2878,"date":"2024-05-27T16:57:39","date_gmt":"2024-05-27T16:57:39","guid":{"rendered":"https:\/\/bitcoinultrax.com\/about-us\/"},"modified":"2026-04-22T22:47:00","modified_gmt":"2026-04-22T22:47:00","slug":"about-us","status":"publish","type":"page","link":"https:\/\/bitcoinultrax.com\/it\/about-us\/","title":{"rendered":"Chi siamo"},"content":{"rendered":"<h3>Chi ha fondato Bitcoin UltraX?<\/h3>\n<p>Bitcoin UltraX \u00e8 stato avviato da un gruppo di persone composto da esperti di trading, matematici e investitori. Grazie alla loro esperienza collettiva, hanno una conoscenza approfondita dei mercati delle criptovalute e di ci\u00f2 che serve per fare trading con successo &#8211; progettando per voi uno strumento che vi aiuti a gestire i vostri investimenti in criptovalute.<\/p>\n<p>Il mercato delle criptovalute pu\u00f2 essere imprevedibile a causa della sua natura imprevedibile, quindi Bitcoin UltraX \u00e8 stato progettato per far fronte a questa imprevedibilit\u00e0.<\/p>\n<h3>Educare se stessi con Bitcoin UltraX<\/h3>\n<p>Bitcoin UltraX \u00e8 dotato di numerose risorse educativeCon l&#8217;aiuto della vostra rete Bitcoin UltraX, potete apprendere diversi argomenti relativi al trading. Se siete principianti, potete iniziare facendo pratica e imparando le basi. Se invece siete gi\u00e0 un trader, potete cercare di perfezionare le vostre strategie e migliorare il vostro potenziale di profitto.<\/p>\n<p>Abbiamo messo a disposizione risorse didattiche per aiutarvi a raggiungere il livello successivo di competenza nel trading e a sfruttare al meglio il tempo dedicato al trading.<\/p>\n<h3>Sfruttare al meglio il trading con Bitcoin UltraX<\/h3>\n<p>Con l&#8217;aiuto di tutte le nostre utili funzioni, potrete capitalizzare la vostra esperienza di trading e raggiungere i vostri obiettivi. Quando vi iscrivete a Bitcoin UltraX, vi viene garantito un broker gratuito che vi aiuter\u00e0 a imparare e a prendere decisioni sul vostro conto e sulle vostre transazioni. Si consiglia di utilizzare questa risorsa, soprattutto se si \u00e8 un nuovo trader. Con Bitcoin UltraX che opera per vostro conto, potete eliminare le emozioni dal processo di trading e affidarvi agli algoritmi per prendere le decisioni di trading al posto vostro.<\/p>\n","protected":false},"excerpt":{"rendered":"<p>Chi ha fondato ? \u00e8 stato avviato da un gruppo di persone composto da esperti di trading, matematici e investitori. Grazie alla loro esperienza collettiva, hanno una conoscenza approfondita dei mercati delle criptovalute e di ci\u00f2 che serve per fare trading con successo &#8211; progettando per voi uno strumento che vi aiuti a gestire i [&hellip;]<\/p>\n","protected":false},"author":2,"featured_media":0,"parent":0,"menu_order":0,"comment_status":"closed","ping_status":"closed","template":"page-about.php","meta":{"footnotes":""},"class_list":["post-2878","page","type-page","status-publish","hentry"],"yoast_head":"<!-- This site is optimized with the Yoast SEO plugin v23.8 - https:\/\/yoast.com\/wordpress\/plugins\/seo\/ -->\n<title>Bitcoin UltraX \u2122 | Offici\u00eble website 2026 | Claim nu!<\/title>\n<meta name=\"robots\" content=\"index, follow, max-snippet:-1, max-image-preview:large, max-video-preview:-1\" \/>\n<meta property=\"og:locale\" content=\"it_IT\" \/>\n<meta property=\"og:site_name\" content=\"Bitcoin Ultra X\" \/>\n<meta property=\"article:modified_time\" content=\"2026-04-22T22:47:00+00:00\" \/>\n<meta name=\"twitter:card\" content=\"summary_large_image\" \/>\n<meta name=\"twitter:label1\" content=\"Tempo di lettura stimato\" \/>\n\t<meta name=\"twitter:data1\" content=\"2 minuti\" \/>\n<!-- \/ Yoast SEO plugin. -->","yoast_head_json":{"title":"Bitcoin UltraX \u2122 | Offici\u00eble website 2026 | Claim nu!","robots":{"index":"index","follow":"follow","max-snippet":"max-snippet:-1","max-image-preview":"max-image-preview:large","max-video-preview":"max-video-preview:-1"},"og_locale":"it_IT","og_site_name":"Bitcoin Ultra X","article_modified_time":"2026-04-22T22:47:00+00:00","twitter_card":"summary_large_image","twitter_misc":{"Tempo di lettura stimato":"2 minuti"},"schema":{"@context":"https:\/\/schema.org","@graph":[{"@type":"WebPage","@id":"https:\/\/bitcoinultrax.com\/it\/about-us\/","url":"https:\/\/bitcoinultrax.com\/it\/about-us\/","name":"Chi siamo - Bitcoin Ultra X","isPartOf":{"@id":"https:\/\/bitcoinultrax.com\/#website"},"datePublished":"2024-05-27T16:57:39+00:00","dateModified":"2026-04-22T22:47:00+00:00","breadcrumb":{"@id":"https:\/\/bitcoinultrax.com\/it\/about-us\/#breadcrumb"},"inLanguage":"it-IT","potentialAction":[{"@type":"ReadAction","target":["https:\/\/bitcoinultrax.com\/it\/about-us\/"]}]},{"@type":"BreadcrumbList","@id":"https:\/\/bitcoinultrax.com\/it\/about-us\/#breadcrumb","itemListElement":[{"@type":"ListItem","position":1,"name":"Home","item":"https:\/\/bitcoinultrax.com\/"},{"@type":"ListItem","position":2,"name":"Chi siamo"}]},{"@type":"WebSite","@id":"https:\/\/bitcoinultrax.com\/#website","url":"https:\/\/bitcoinultrax.com\/","name":"Bitcoin Ultra X","description":"","potentialAction":[{"@type":"SearchAction","target":{"@type":"EntryPoint","urlTemplate":"https:\/\/bitcoinultrax.com\/?s={search_term_string}"},"query-input":{"@type":"PropertyValueSpecification","valueRequired":true,"valueName":"search_term_string"}}],"inLanguage":"it-IT"}]}},"_links":{"self":[{"href":"https:\/\/bitcoinultrax.com\/it\/wp-json\/wp\/v2\/pages\/2878","targetHints":{"allow":["GET"]}}],"collection":[{"href":"https:\/\/bitcoinultrax.com\/it\/wp-json\/wp\/v2\/pages"}],"about":[{"href":"https:\/\/bitcoinultrax.com\/it\/wp-json\/wp\/v2\/types\/page"}],"author":[{"embeddable":true,"href":"https:\/\/bitcoinultrax.com\/it\/wp-json\/wp\/v2\/users\/2"}],"replies":[{"embeddable":true,"href":"https:\/\/bitcoinultrax.com\/it\/wp-json\/wp\/v2\/comments?post=2878"}],"version-history":[{"count":10,"href":"https:\/\/bitcoinultrax.com\/it\/wp-json\/wp\/v2\/pages\/2878\/revisions"}],"predecessor-version":[{"id":3317,"href":"https:\/\/bitcoinultrax.com\/it\/wp-json\/wp\/v2\/pages\/2878\/revisions\/3317"}],"wp:attachment":[{"href":"https:\/\/bitcoinultrax.com\/it\/wp-json\/wp\/v2\/media?parent=2878"}],"curies":[{"name":"wp","href":"https:\/\/api.w.org\/{rel}","templated":true}]}}