{"id":2338,"date":"2024-05-29T17:25:34","date_gmt":"2024-05-29T17:25:34","guid":{"rendered":"https:\/\/bitcoinultrax.com\/kontakt-oss\/"},"modified":"2026-04-22T22:48:23","modified_gmt":"2026-04-22T22:48:23","slug":"contact-us","status":"publish","type":"page","link":"https:\/\/bitcoinultrax.com\/no\/contact-us\/","title":{"rendered":"Kontakt oss"},"content":{"rendered":"<div>\n<h1>Kontakt Bitcoin UltraX<\/h1>\n<p>Enten du har sp\u00f8rsm\u00e5l, trenger hjelp eller \u00f8nsker \u00e5 gi tilbakemelding, er teamet v\u00e5rt her for \u00e5 hjelpe deg. Bruk informasjonen nedenfor for \u00e5 komme i kontakt med oss.<\/p>\n<\/div>\n<div>\n<h4>Postadresse<\/h4>\n<p>K.Kartali<\/p>\n<p>68 64<\/p>\n<p>2. etasje<\/p>\n<p>Volos 382 21<\/p>\n<p>Hellas<\/p>\n<h4>Foresp\u00f8rsler fra n\u00e6ringslivet<\/h4>\n<p>For samarbeidsmuligheter, mediehenvendelser eller andre forretningsrelaterte sp\u00f8rsm\u00e5l, vennligst kontakt oss p\u00e5<br \/>\n<a href=\"mailto:business@bitcoinultrax.com\">business@bitcoinultrax.com<\/a><\/p>\n<h4>Support via e-post<\/h4>\n<p>For henvendelser eller supportforesp\u00f8rsler, vennligst send oss en e-post p\u00e5<br \/>\n<a href=\"mailto:support@bitcoinultrax.com\">support@bitcoinultrax.com<\/a><\/p>\n<\/div>\n","protected":false},"excerpt":{"rendered":"<p>Kontakt Enten du har sp\u00f8rsm\u00e5l, trenger hjelp eller \u00f8nsker \u00e5 gi tilbakemelding, er teamet v\u00e5rt her for \u00e5 hjelpe deg. Bruk informasjonen nedenfor for \u00e5 komme i kontakt med oss. Postadresse K.Kartali 68 64 2. etasje Volos 382 21 Hellas Foresp\u00f8rsler fra n\u00e6ringslivet For samarbeidsmuligheter, mediehenvendelser eller andre forretningsrelaterte sp\u00f8rsm\u00e5l, vennligst kontakt oss p\u00e5 business@bitcoinultrax.com [&hellip;]<\/p>\n","protected":false},"author":2,"featured_media":0,"parent":0,"menu_order":0,"comment_status":"closed","ping_status":"closed","template":"page-contact.php","meta":{"footnotes":""},"class_list":["post-2338","page","type-page","status-publish","hentry"],"yoast_head":"<!-- This site is optimized with the Yoast SEO plugin v23.8 - https:\/\/yoast.com\/wordpress\/plugins\/seo\/ -->\n<title>Bitcoin UltraX \u2122 | Offici\u00eble website 2026 | Claim nu!<\/title>\n<meta name=\"robots\" content=\"index, follow, max-snippet:-1, max-image-preview:large, max-video-preview:-1\" \/>\n<meta property=\"og:locale\" content=\"en_US\" \/>\n<meta property=\"og:site_name\" content=\"Bitcoin Ultra X\" \/>\n<meta property=\"article:modified_time\" content=\"2026-04-22T22:48:23+00:00\" \/>\n<meta name=\"twitter:card\" content=\"summary_large_image\" \/>\n<meta name=\"twitter:label1\" content=\"Est. reading time\" \/>\n\t<meta name=\"twitter:data1\" content=\"1 minute\" \/>\n<!-- \/ Yoast SEO plugin. -->","yoast_head_json":{"title":"Bitcoin UltraX \u2122 | Offici\u00eble website 2026 | Claim nu!","robots":{"index":"index","follow":"follow","max-snippet":"max-snippet:-1","max-image-preview":"max-image-preview:large","max-video-preview":"max-video-preview:-1"},"og_locale":"en_US","og_site_name":"Bitcoin Ultra X","article_modified_time":"2026-04-22T22:48:23+00:00","twitter_card":"summary_large_image","twitter_misc":{"Est. reading time":"1 minute"},"schema":{"@context":"https:\/\/schema.org","@graph":[{"@type":"WebPage","@id":"https:\/\/bitcoinultrax.com\/no\/contact-us\/","url":"https:\/\/bitcoinultrax.com\/no\/contact-us\/","name":"Kontakt oss - Bitcoin Ultra X","isPartOf":{"@id":"https:\/\/bitcoinultrax.com\/#website"},"datePublished":"2024-05-29T17:25:34+00:00","dateModified":"2026-04-22T22:48:23+00:00","breadcrumb":{"@id":"https:\/\/bitcoinultrax.com\/no\/contact-us\/#breadcrumb"},"inLanguage":"no-NO","potentialAction":[{"@type":"ReadAction","target":["https:\/\/bitcoinultrax.com\/no\/contact-us\/"]}]},{"@type":"BreadcrumbList","@id":"https:\/\/bitcoinultrax.com\/no\/contact-us\/#breadcrumb","itemListElement":[{"@type":"ListItem","position":1,"name":"Home","item":"https:\/\/bitcoinultrax.com\/"},{"@type":"ListItem","position":2,"name":"Kontakt oss"}]},{"@type":"WebSite","@id":"https:\/\/bitcoinultrax.com\/#website","url":"https:\/\/bitcoinultrax.com\/","name":"Bitcoin Ultra X","description":"","potentialAction":[{"@type":"SearchAction","target":{"@type":"EntryPoint","urlTemplate":"https:\/\/bitcoinultrax.com\/?s={search_term_string}"},"query-input":{"@type":"PropertyValueSpecification","valueRequired":true,"valueName":"search_term_string"}}],"inLanguage":"no-NO"}]}},"_links":{"self":[{"href":"https:\/\/bitcoinultrax.com\/no\/wp-json\/wp\/v2\/pages\/2338","targetHints":{"allow":["GET"]}}],"collection":[{"href":"https:\/\/bitcoinultrax.com\/no\/wp-json\/wp\/v2\/pages"}],"about":[{"href":"https:\/\/bitcoinultrax.com\/no\/wp-json\/wp\/v2\/types\/page"}],"author":[{"embeddable":true,"href":"https:\/\/bitcoinultrax.com\/no\/wp-json\/wp\/v2\/users\/2"}],"replies":[{"embeddable":true,"href":"https:\/\/bitcoinultrax.com\/no\/wp-json\/wp\/v2\/comments?post=2338"}],"version-history":[{"count":3,"href":"https:\/\/bitcoinultrax.com\/no\/wp-json\/wp\/v2\/pages\/2338\/revisions"}],"predecessor-version":[{"id":3309,"href":"https:\/\/bitcoinultrax.com\/no\/wp-json\/wp\/v2\/pages\/2338\/revisions\/3309"}],"wp:attachment":[{"href":"https:\/\/bitcoinultrax.com\/no\/wp-json\/wp\/v2\/media?parent=2338"}],"curies":[{"name":"wp","href":"https:\/\/api.w.org\/{rel}","templated":true}]}}