{"id":2879,"date":"2024-05-27T16:57:39","date_gmt":"2024-05-27T16:57:39","guid":{"rendered":"https:\/\/bitcoinultrax.com\/about-us\/"},"modified":"2026-04-22T22:47:03","modified_gmt":"2026-04-22T22:47:03","slug":"about-us","status":"publish","type":"page","link":"https:\/\/bitcoinultrax.com\/no\/about-us\/","title":{"rendered":"Om oss"},"content":{"rendered":"<h3>Hvem startet Bitcoin UltraX?<\/h3>\n<p>Bitcoin UltraX ble startet av en gruppe mennesker best\u00e5ende av handelseksperter, matematikere og investorer. Med sin samlede ekspertise har de omfattende kunnskap om kryptomarkedene og hva som skal til for \u00e5 lykkes med handel &#8211; de har utviklet et verkt\u00f8y som hjelper deg med \u00e5 ta ansvar for dine kryptoinvesteringer.<\/p>\n<p>Kryptomarkedet kan v\u00e6re uforutsigbart p\u00e5 grunn av dets temperamentsfulle natur, s\u00e5 Bitcoin UltraX er designet for \u00e5 takle denne uforutsigbarheten.<\/p>\n<h3>Utdann deg selv med Bitcoin UltraX<\/h3>\n<p>Bitcoin UltraX er utstyrt med en rekke pedagogiske ressurserMed hjelp av Bitcoin UltraX-nettverket ditt kan du l\u00e6re om ulike emner som er involvert i trading. Hvis du er nybegynner, kan du begynne med \u00e5 \u00f8ve deg og l\u00e6re det grunnleggende. Som eksisterende trader kan du se p\u00e5 hvordan du kan finjustere strategiene dine og forbedre fortjenestepotensialet ditt.<\/p>\n<p>Vi har samlet l\u00e6ringsressurser som hjelper deg med \u00e5 komme til neste niv\u00e5 av handelsekspertise og f\u00e5 mest mulig ut av tiden du bruker p\u00e5 trading.<\/p>\n<h3>F\u00e5 mest mulig ut av trading med Bitcoin UltraX<\/h3>\n<p>Ved hjelp av alle de nyttige funksjonene v\u00e5re kan du kapitalisere p\u00e5 din tradingopplevelse og n\u00e5 m\u00e5lene dine. N\u00e5r du blir medlem hos Bitcoin UltraX, er du garantert en gratis megler som hjelper deg med \u00e5 l\u00e6re og ta avgj\u00f8relser ang\u00e5ende kontoen og transaksjonene dine. Det anbefales at du bruker denne ressursen, spesielt hvis du er en ny trader. N\u00e5r Bitcoin UltraX handler p\u00e5 dine vegne, kan du ta f\u00f8lelsene ut av handelsprosessen og stole p\u00e5 at algoritmene tar handelsbeslutningene dine for deg.<\/p>\n","protected":false},"excerpt":{"rendered":"<p>Hvem startet ? ble startet av en gruppe mennesker best\u00e5ende av handelseksperter, matematikere og investorer. Med sin samlede ekspertise har de omfattende kunnskap om kryptomarkedene og hva som skal til for \u00e5 lykkes med handel &#8211; de har utviklet et verkt\u00f8y som hjelper deg med \u00e5 ta ansvar for dine kryptoinvesteringer. Kryptomarkedet kan v\u00e6re uforutsigbart [&hellip;]<\/p>\n","protected":false},"author":2,"featured_media":0,"parent":0,"menu_order":0,"comment_status":"closed","ping_status":"closed","template":"page-about.php","meta":{"footnotes":""},"class_list":["post-2879","page","type-page","status-publish","hentry"],"yoast_head":"<!-- This site is optimized with the Yoast SEO plugin v23.8 - https:\/\/yoast.com\/wordpress\/plugins\/seo\/ -->\n<title>Bitcoin UltraX \u2122 | Offici\u00eble website 2026 | Claim nu!<\/title>\n<meta name=\"robots\" content=\"index, follow, max-snippet:-1, max-image-preview:large, max-video-preview:-1\" \/>\n<meta property=\"og:locale\" content=\"en_US\" \/>\n<meta property=\"og:site_name\" content=\"Bitcoin Ultra X\" \/>\n<meta property=\"article:modified_time\" content=\"2026-04-22T22:47:03+00:00\" \/>\n<meta name=\"twitter:card\" content=\"summary_large_image\" \/>\n<meta name=\"twitter:label1\" content=\"Est. reading time\" \/>\n\t<meta name=\"twitter:data1\" content=\"2 minutes\" \/>\n<!-- \/ Yoast SEO plugin. -->","yoast_head_json":{"title":"Bitcoin UltraX \u2122 | Offici\u00eble website 2026 | Claim nu!","robots":{"index":"index","follow":"follow","max-snippet":"max-snippet:-1","max-image-preview":"max-image-preview:large","max-video-preview":"max-video-preview:-1"},"og_locale":"en_US","og_site_name":"Bitcoin Ultra X","article_modified_time":"2026-04-22T22:47:03+00:00","twitter_card":"summary_large_image","twitter_misc":{"Est. reading time":"2 minutes"},"schema":{"@context":"https:\/\/schema.org","@graph":[{"@type":"WebPage","@id":"https:\/\/bitcoinultrax.com\/no\/about-us\/","url":"https:\/\/bitcoinultrax.com\/no\/about-us\/","name":"Om oss - Bitcoin Ultra X","isPartOf":{"@id":"https:\/\/bitcoinultrax.com\/#website"},"datePublished":"2024-05-27T16:57:39+00:00","dateModified":"2026-04-22T22:47:03+00:00","breadcrumb":{"@id":"https:\/\/bitcoinultrax.com\/no\/about-us\/#breadcrumb"},"inLanguage":"no-NO","potentialAction":[{"@type":"ReadAction","target":["https:\/\/bitcoinultrax.com\/no\/about-us\/"]}]},{"@type":"BreadcrumbList","@id":"https:\/\/bitcoinultrax.com\/no\/about-us\/#breadcrumb","itemListElement":[{"@type":"ListItem","position":1,"name":"Home","item":"https:\/\/bitcoinultrax.com\/"},{"@type":"ListItem","position":2,"name":"Om oss"}]},{"@type":"WebSite","@id":"https:\/\/bitcoinultrax.com\/#website","url":"https:\/\/bitcoinultrax.com\/","name":"Bitcoin Ultra X","description":"","potentialAction":[{"@type":"SearchAction","target":{"@type":"EntryPoint","urlTemplate":"https:\/\/bitcoinultrax.com\/?s={search_term_string}"},"query-input":{"@type":"PropertyValueSpecification","valueRequired":true,"valueName":"search_term_string"}}],"inLanguage":"no-NO"}]}},"_links":{"self":[{"href":"https:\/\/bitcoinultrax.com\/no\/wp-json\/wp\/v2\/pages\/2879","targetHints":{"allow":["GET"]}}],"collection":[{"href":"https:\/\/bitcoinultrax.com\/no\/wp-json\/wp\/v2\/pages"}],"about":[{"href":"https:\/\/bitcoinultrax.com\/no\/wp-json\/wp\/v2\/types\/page"}],"author":[{"embeddable":true,"href":"https:\/\/bitcoinultrax.com\/no\/wp-json\/wp\/v2\/users\/2"}],"replies":[{"embeddable":true,"href":"https:\/\/bitcoinultrax.com\/no\/wp-json\/wp\/v2\/comments?post=2879"}],"version-history":[{"count":10,"href":"https:\/\/bitcoinultrax.com\/no\/wp-json\/wp\/v2\/pages\/2879\/revisions"}],"predecessor-version":[{"id":3323,"href":"https:\/\/bitcoinultrax.com\/no\/wp-json\/wp\/v2\/pages\/2879\/revisions\/3323"}],"wp:attachment":[{"href":"https:\/\/bitcoinultrax.com\/no\/wp-json\/wp\/v2\/media?parent=2879"}],"curies":[{"name":"wp","href":"https:\/\/api.w.org\/{rel}","templated":true}]}}