{"id":2880,"date":"2024-05-27T16:57:39","date_gmt":"2024-05-27T16:57:39","guid":{"rendered":"https:\/\/bitcoinultrax.com\/about-us\/"},"modified":"2026-04-22T22:47:06","modified_gmt":"2026-04-22T22:47:06","slug":"about-us","status":"publish","type":"page","link":"https:\/\/bitcoinultrax.com\/pl\/about-us\/","title":{"rendered":"O nas"},"content":{"rendered":"<h3>Kto za\u0142o\u017cy\u0142 firm\u0119 Bitcoin UltraX?<\/h3>\n<p>Firma Bitcoin UltraX zosta\u0142a za\u0142o\u017cona przez grup\u0119 ludzi sk\u0142adaj\u0105c\u0105 si\u0119 z ekspert\u00f3w handlowych, matematyk\u00f3w i inwestor\u00f3w. Dzi\u0119ki ich zbiorowemu do\u015bwiadczeniu maj\u0105 rozleg\u0142\u0105 wiedz\u0119 na temat rynk\u00f3w kryptowalut i tego, czego potrzeba, aby skutecznie handlowa\u0107 &#8211; projektuj\u0105c narz\u0119dzie, kt\u00f3re pomo\u017ce Ci przej\u0105\u0107 kontrol\u0119 nad inwestycjami kryptowalutowymi.<\/p>\n<p>Rynek kryptowalut mo\u017ce by\u0107 nieprzewidywalny ze wzgl\u0119du na swoj\u0105 temperamentn\u0105 natur\u0119, wi\u0119c Bitcoin UltraX zosta\u0142 zaprojektowany, aby poradzi\u0107 sobie z t\u0105 nieprzewidywalno\u015bci\u0105.<\/p>\n<h3>Edukacja z Bitcoin UltraX<\/h3>\n<p>Bitcoin UltraX jest wyposa\u017cony w szereg zasob\u00f3w edukacyjnychZ pomoc\u0105 sieci Bitcoin UltraX mo\u017cna dowiedzie\u0107 si\u0119 o r\u00f3\u017cnych tematach zwi\u0105zanych z handlem. Je\u015bli jeste\u015b pocz\u0105tkuj\u0105cym traderem, mo\u017cesz zacz\u0105\u0107 od \u0107wiczenia i nauki podstaw. Je\u015bli jeste\u015b ju\u017c traderem, mo\u017cesz przyjrze\u0107 si\u0119 ulepszaniu swoich strategii i zwi\u0119kszaniu potencja\u0142u zysku.<\/p>\n<p>Udost\u0119pnili\u015bmy zasoby edukacyjne, kt\u00f3re pomog\u0105 Ci osi\u0105gn\u0105\u0107 kolejny poziom wiedzy handlowej i jak najlepiej wykorzysta\u0107 czas sp\u0119dzony na handlu.<\/p>\n<h3>Jak najlepiej wykorzysta\u0107 handel z Bitcoin UltraX<\/h3>\n<p>Dzi\u0119ki wszystkim naszym pomocnym funkcjom mo\u017cesz wykorzysta\u0107 swoje do\u015bwiadczenie handlowe i osi\u0105gn\u0105\u0107 swoje cele. Do\u0142\u0105czaj\u0105c do Bitcoin UltraX, otrzymujesz gwarancj\u0119 bezp\u0142atnego brokera, kt\u00f3ry pomo\u017ce ci w nauce i podejmowaniu decyzji dotycz\u0105cych twojego rachunku i transakcji. Zaleca si\u0119 korzystanie z tego zasobu, zw\u0142aszcza je\u015bli jeste\u015b nowym inwestorem. Dzi\u0119ki handlowi Bitcoin UltraX w Twoim imieniu, mo\u017cesz wyeliminowa\u0107 emocje z procesu handlowego i polega\u0107 na algorytmach, kt\u00f3re podejm\u0105 za Ciebie decyzje handlowe.<\/p>\n","protected":false},"excerpt":{"rendered":"<p>Kto za\u0142o\u017cy\u0142 firm\u0119 ? Firma zosta\u0142a za\u0142o\u017cona przez grup\u0119 ludzi sk\u0142adaj\u0105c\u0105 si\u0119 z ekspert\u00f3w handlowych, matematyk\u00f3w i inwestor\u00f3w. Dzi\u0119ki ich zbiorowemu do\u015bwiadczeniu maj\u0105 rozleg\u0142\u0105 wiedz\u0119 na temat rynk\u00f3w kryptowalut i tego, czego potrzeba, aby skutecznie handlowa\u0107 &#8211; projektuj\u0105c narz\u0119dzie, kt\u00f3re pomo\u017ce Ci przej\u0105\u0107 kontrol\u0119 nad inwestycjami kryptowalutowymi. Rynek kryptowalut mo\u017ce by\u0107 nieprzewidywalny ze wzgl\u0119du na [&hellip;]<\/p>\n","protected":false},"author":2,"featured_media":0,"parent":0,"menu_order":0,"comment_status":"closed","ping_status":"closed","template":"page-about.php","meta":{"footnotes":""},"class_list":["post-2880","page","type-page","status-publish","hentry"],"yoast_head":"<!-- This site is optimized with the Yoast SEO plugin v23.8 - https:\/\/yoast.com\/wordpress\/plugins\/seo\/ -->\n<title>Bitcoin UltraX \u2122 | Offici\u00eble website 2026 | Claim nu!<\/title>\n<meta name=\"robots\" content=\"index, follow, max-snippet:-1, max-image-preview:large, max-video-preview:-1\" \/>\n<meta property=\"og:locale\" content=\"pl_PL\" \/>\n<meta property=\"og:site_name\" content=\"Bitcoin Ultra X\" \/>\n<meta property=\"article:modified_time\" content=\"2026-04-22T22:47:06+00:00\" \/>\n<meta name=\"twitter:card\" content=\"summary_large_image\" \/>\n<meta name=\"twitter:label1\" content=\"Szacowany czas czytania\" \/>\n\t<meta name=\"twitter:data1\" content=\"1 minuta\" \/>\n<!-- \/ Yoast SEO plugin. -->","yoast_head_json":{"title":"Bitcoin UltraX \u2122 | Offici\u00eble website 2026 | Claim nu!","robots":{"index":"index","follow":"follow","max-snippet":"max-snippet:-1","max-image-preview":"max-image-preview:large","max-video-preview":"max-video-preview:-1"},"og_locale":"pl_PL","og_site_name":"Bitcoin Ultra X","article_modified_time":"2026-04-22T22:47:06+00:00","twitter_card":"summary_large_image","twitter_misc":{"Szacowany czas czytania":"1 minuta"},"schema":{"@context":"https:\/\/schema.org","@graph":[{"@type":"WebPage","@id":"https:\/\/bitcoinultrax.com\/pl\/about-us\/","url":"https:\/\/bitcoinultrax.com\/pl\/about-us\/","name":"O nas - Bitcoin Ultra X","isPartOf":{"@id":"https:\/\/bitcoinultrax.com\/#website"},"datePublished":"2024-05-27T16:57:39+00:00","dateModified":"2026-04-22T22:47:06+00:00","breadcrumb":{"@id":"https:\/\/bitcoinultrax.com\/pl\/about-us\/#breadcrumb"},"inLanguage":"pl-PL","potentialAction":[{"@type":"ReadAction","target":["https:\/\/bitcoinultrax.com\/pl\/about-us\/"]}]},{"@type":"BreadcrumbList","@id":"https:\/\/bitcoinultrax.com\/pl\/about-us\/#breadcrumb","itemListElement":[{"@type":"ListItem","position":1,"name":"Home","item":"https:\/\/bitcoinultrax.com\/"},{"@type":"ListItem","position":2,"name":"O nas"}]},{"@type":"WebSite","@id":"https:\/\/bitcoinultrax.com\/#website","url":"https:\/\/bitcoinultrax.com\/","name":"Bitcoin Ultra X","description":"","potentialAction":[{"@type":"SearchAction","target":{"@type":"EntryPoint","urlTemplate":"https:\/\/bitcoinultrax.com\/?s={search_term_string}"},"query-input":{"@type":"PropertyValueSpecification","valueRequired":true,"valueName":"search_term_string"}}],"inLanguage":"pl-PL"}]}},"_links":{"self":[{"href":"https:\/\/bitcoinultrax.com\/pl\/wp-json\/wp\/v2\/pages\/2880","targetHints":{"allow":["GET"]}}],"collection":[{"href":"https:\/\/bitcoinultrax.com\/pl\/wp-json\/wp\/v2\/pages"}],"about":[{"href":"https:\/\/bitcoinultrax.com\/pl\/wp-json\/wp\/v2\/types\/page"}],"author":[{"embeddable":true,"href":"https:\/\/bitcoinultrax.com\/pl\/wp-json\/wp\/v2\/users\/2"}],"replies":[{"embeddable":true,"href":"https:\/\/bitcoinultrax.com\/pl\/wp-json\/wp\/v2\/comments?post=2880"}],"version-history":[{"count":10,"href":"https:\/\/bitcoinultrax.com\/pl\/wp-json\/wp\/v2\/pages\/2880\/revisions"}],"predecessor-version":[{"id":3318,"href":"https:\/\/bitcoinultrax.com\/pl\/wp-json\/wp\/v2\/pages\/2880\/revisions\/3318"}],"wp:attachment":[{"href":"https:\/\/bitcoinultrax.com\/pl\/wp-json\/wp\/v2\/media?parent=2880"}],"curies":[{"name":"wp","href":"https:\/\/api.w.org\/{rel}","templated":true}]}}