{"id":2091,"date":"2024-05-27T16:58:01","date_gmt":"2024-05-27T16:58:01","guid":{"rendered":"https:\/\/loc.bitcoinultrax.com\/contact-us\/"},"modified":"2026-04-22T22:48:29","modified_gmt":"2026-04-22T22:48:29","slug":"contact-us","status":"publish","type":"page","link":"https:\/\/bitcoinultrax.com\/pt-pt\/contact-us\/","title":{"rendered":"Contactar-nos"},"content":{"rendered":"<div>\n<h1>Contactar a Bitcoin UltraX<\/h1>\n<p>Se tiver d\u00favidas, precisar de assist\u00eancia ou quiser dar feedback, a nossa equipa est\u00e1 aqui para ajudar. Utilize as informa\u00e7\u00f5es abaixo para entrar em contacto connosco.<\/p>\n<\/div>\n<div>\n<h4>Endere\u00e7o de correio eletr\u00f3nico<\/h4>\n<p>K.Kartali<\/p>\n<p>68 64<\/p>\n<p>2\u00ba andar<\/p>\n<p>Volos 382 21<\/p>\n<p>Gr\u00e9cia<\/p>\n<h4>Informa\u00e7\u00f5es comerciais<\/h4>\n<p>Para oportunidades de parceria, quest\u00f5es relacionadas com os meios de comunica\u00e7\u00e3o social ou outros assuntos relacionados com neg\u00f3cios, contacte-nos atrav\u00e9s de<br \/>\n<a href=\"mailto:business@bitcoinultrax.com\">business@bitcoinultrax.com<\/a><\/p>\n<h4>Apoio por correio eletr\u00f3nico<\/h4>\n<p>Para quaisquer quest\u00f5es ou pedidos de apoio, envie-nos um e-mail para:<br \/>\n<a href=\"mailto:support@bitcoinultrax.com\">support@bitcoinultrax.com<\/a><\/p>\n<\/div>\n","protected":false},"excerpt":{"rendered":"<p>Contactar a Se tiver d\u00favidas, precisar de assist\u00eancia ou quiser dar feedback, a nossa equipa est\u00e1 aqui para ajudar. Utilize as informa\u00e7\u00f5es abaixo para entrar em contacto connosco. Endere\u00e7o de correio eletr\u00f3nico K.Kartali 68 64 2\u00ba andar Volos 382 21 Gr\u00e9cia Informa\u00e7\u00f5es comerciais Para oportunidades de parceria, quest\u00f5es relacionadas com os meios de comunica\u00e7\u00e3o social [&hellip;]<\/p>\n","protected":false},"author":2,"featured_media":0,"parent":0,"menu_order":0,"comment_status":"closed","ping_status":"closed","template":"page-contact.php","meta":{"footnotes":""},"class_list":["post-2091","page","type-page","status-publish","hentry"],"yoast_head":"<!-- This site is optimized with the Yoast SEO plugin v23.8 - https:\/\/yoast.com\/wordpress\/plugins\/seo\/ -->\n<title>Bitcoin UltraX \u2122 | Offici\u00eble website 2026 | Claim nu!<\/title>\n<meta name=\"robots\" content=\"index, follow, max-snippet:-1, max-image-preview:large, max-video-preview:-1\" \/>\n<meta property=\"og:locale\" content=\"pt_PT\" \/>\n<meta property=\"og:site_name\" content=\"Bitcoin Ultra X\" \/>\n<meta property=\"article:modified_time\" content=\"2026-04-22T22:48:29+00:00\" \/>\n<meta name=\"twitter:card\" content=\"summary_large_image\" \/>\n<meta name=\"twitter:label1\" content=\"Tempo estimado de leitura\" \/>\n\t<meta name=\"twitter:data1\" content=\"1 minuto\" \/>\n<!-- \/ Yoast SEO plugin. -->","yoast_head_json":{"title":"Bitcoin UltraX \u2122 | Offici\u00eble website 2026 | Claim nu!","robots":{"index":"index","follow":"follow","max-snippet":"max-snippet:-1","max-image-preview":"max-image-preview:large","max-video-preview":"max-video-preview:-1"},"og_locale":"pt_PT","og_site_name":"Bitcoin Ultra X","article_modified_time":"2026-04-22T22:48:29+00:00","twitter_card":"summary_large_image","twitter_misc":{"Tempo estimado de leitura":"1 minuto"},"schema":{"@context":"https:\/\/schema.org","@graph":[{"@type":"WebPage","@id":"https:\/\/bitcoinultrax.com\/pt-pt\/contact-us\/","url":"https:\/\/bitcoinultrax.com\/pt-pt\/contact-us\/","name":"Contactar-nos - Bitcoin Ultra X","isPartOf":{"@id":"https:\/\/bitcoinultrax.com\/#website"},"datePublished":"2024-05-27T16:58:01+00:00","dateModified":"2026-04-22T22:48:29+00:00","breadcrumb":{"@id":"https:\/\/bitcoinultrax.com\/pt-pt\/contact-us\/#breadcrumb"},"inLanguage":"pt-PT","potentialAction":[{"@type":"ReadAction","target":["https:\/\/bitcoinultrax.com\/pt-pt\/contact-us\/"]}]},{"@type":"BreadcrumbList","@id":"https:\/\/bitcoinultrax.com\/pt-pt\/contact-us\/#breadcrumb","itemListElement":[{"@type":"ListItem","position":1,"name":"Home","item":"https:\/\/bitcoinultrax.com\/"},{"@type":"ListItem","position":2,"name":"Contactar-nos"}]},{"@type":"WebSite","@id":"https:\/\/bitcoinultrax.com\/#website","url":"https:\/\/bitcoinultrax.com\/","name":"Bitcoin Ultra X","description":"","potentialAction":[{"@type":"SearchAction","target":{"@type":"EntryPoint","urlTemplate":"https:\/\/bitcoinultrax.com\/?s={search_term_string}"},"query-input":{"@type":"PropertyValueSpecification","valueRequired":true,"valueName":"search_term_string"}}],"inLanguage":"pt-PT"}]}},"_links":{"self":[{"href":"https:\/\/bitcoinultrax.com\/pt-pt\/wp-json\/wp\/v2\/pages\/2091","targetHints":{"allow":["GET"]}}],"collection":[{"href":"https:\/\/bitcoinultrax.com\/pt-pt\/wp-json\/wp\/v2\/pages"}],"about":[{"href":"https:\/\/bitcoinultrax.com\/pt-pt\/wp-json\/wp\/v2\/types\/page"}],"author":[{"embeddable":true,"href":"https:\/\/bitcoinultrax.com\/pt-pt\/wp-json\/wp\/v2\/users\/2"}],"replies":[{"embeddable":true,"href":"https:\/\/bitcoinultrax.com\/pt-pt\/wp-json\/wp\/v2\/comments?post=2091"}],"version-history":[{"count":7,"href":"https:\/\/bitcoinultrax.com\/pt-pt\/wp-json\/wp\/v2\/pages\/2091\/revisions"}],"predecessor-version":[{"id":3305,"href":"https:\/\/bitcoinultrax.com\/pt-pt\/wp-json\/wp\/v2\/pages\/2091\/revisions\/3305"}],"wp:attachment":[{"href":"https:\/\/bitcoinultrax.com\/pt-pt\/wp-json\/wp\/v2\/media?parent=2091"}],"curies":[{"name":"wp","href":"https:\/\/api.w.org\/{rel}","templated":true}]}}