{"id":2881,"date":"2024-05-27T16:57:39","date_gmt":"2024-05-27T16:57:39","guid":{"rendered":"https:\/\/bitcoinultrax.com\/about-us\/"},"modified":"2026-04-22T22:47:09","modified_gmt":"2026-04-22T22:47:09","slug":"about-us","status":"publish","type":"page","link":"https:\/\/bitcoinultrax.com\/pt-pt\/about-us\/","title":{"rendered":"Sobre n\u00f3s"},"content":{"rendered":"<h3>Quem criou a Bitcoin UltraX?<\/h3>\n<p>A Bitcoin UltraX foi iniciada por um conceito, um grupo de pessoas composto por especialistas em negocia\u00e7\u00e3o, matem\u00e1ticos e investidores. Com sua experi\u00eancia coletiva, eles t\u00eam um amplo conhecimento dos mercados de criptografia e o que \u00e9 necess\u00e1rio para negociar com sucesso &#8211; projetando uma ferramenta para ajud\u00e1-lo a assumir o controle de seus investimentos em criptografia.<\/p>\n<p>O mercado de criptomoedas pode ser imprevis\u00edvel devido \u00e0 sua natureza temperamental, pelo que a Bitcoin UltraX foi concebida para lidar com essa imprevisibilidade.<\/p>\n<h3>Educar-se com a Bitcoin UltraX<\/h3>\n<p>A Bitcoin UltraX est\u00e1 equipada com uma s\u00e9rie de recursos educativosCom a ajuda da sua rede Bitcoin UltraX, pode aprender sobre diferentes t\u00f3picos envolvidos na negocia\u00e7\u00e3o. Se for um principiante, pode come\u00e7ar por praticar e aprender o b\u00e1sico. Se j\u00e1 \u00e9 um operador, pode procurar ajustar as suas estrat\u00e9gias e melhorar o seu potencial de lucro.<\/p>\n<p>Disponibiliz\u00e1mos recursos de aprendizagem para o ajudar a passar ao n\u00edvel seguinte de conhecimentos de negocia\u00e7\u00e3o e a tirar o m\u00e1ximo partido do tempo que passa a negociar.<\/p>\n<h3>Tirar o m\u00e1ximo partido da negocia\u00e7\u00e3o com a Bitcoin UltraX<\/h3>\n<p>Com a ajuda de todas as nossas funcionalidades \u00fateis, pode capitalizar a sua experi\u00eancia de negocia\u00e7\u00e3o e atingir os seus objectivos. Ao aderir \u00e0 Bitcoin UltraX, \u00e9-lhe garantido um corretor gratuito para o ajudar a aprender e a tomar decis\u00f5es relativamente \u00e0 sua conta e transac\u00e7\u00f5es. \u00c9 aconselh\u00e1vel que utilize este recurso, especialmente se for um novo operador. Com a Bitcoin UltraX a negociar em seu nome, pode retirar a emo\u00e7\u00e3o do processo de negocia\u00e7\u00e3o e confiar nos algoritmos para tomar as suas decis\u00f5es de negocia\u00e7\u00e3o por si.<\/p>\n","protected":false},"excerpt":{"rendered":"<p>Quem criou a ? A foi iniciada por um conceito, um grupo de pessoas composto por especialistas em negocia\u00e7\u00e3o, matem\u00e1ticos e investidores. Com sua experi\u00eancia coletiva, eles t\u00eam um amplo conhecimento dos mercados de criptografia e o que \u00e9 necess\u00e1rio para negociar com sucesso &#8211; projetando uma ferramenta para ajud\u00e1-lo a assumir o controle de [&hellip;]<\/p>\n","protected":false},"author":2,"featured_media":0,"parent":0,"menu_order":0,"comment_status":"closed","ping_status":"closed","template":"page-about.php","meta":{"footnotes":""},"class_list":["post-2881","page","type-page","status-publish","hentry"],"yoast_head":"<!-- This site is optimized with the Yoast SEO plugin v23.8 - https:\/\/yoast.com\/wordpress\/plugins\/seo\/ -->\n<title>Bitcoin UltraX \u2122 | Offici\u00eble website 2026 | Claim nu!<\/title>\n<meta name=\"robots\" content=\"index, follow, max-snippet:-1, max-image-preview:large, max-video-preview:-1\" \/>\n<meta property=\"og:locale\" content=\"pt_PT\" \/>\n<meta property=\"og:site_name\" content=\"Bitcoin Ultra X\" \/>\n<meta property=\"article:modified_time\" content=\"2026-04-22T22:47:09+00:00\" \/>\n<meta name=\"twitter:card\" content=\"summary_large_image\" \/>\n<meta name=\"twitter:label1\" content=\"Tempo estimado de leitura\" \/>\n\t<meta name=\"twitter:data1\" content=\"2 minutos\" \/>\n<!-- \/ Yoast SEO plugin. -->","yoast_head_json":{"title":"Bitcoin UltraX \u2122 | Offici\u00eble website 2026 | Claim nu!","robots":{"index":"index","follow":"follow","max-snippet":"max-snippet:-1","max-image-preview":"max-image-preview:large","max-video-preview":"max-video-preview:-1"},"og_locale":"pt_PT","og_site_name":"Bitcoin Ultra X","article_modified_time":"2026-04-22T22:47:09+00:00","twitter_card":"summary_large_image","twitter_misc":{"Tempo estimado de leitura":"2 minutos"},"schema":{"@context":"https:\/\/schema.org","@graph":[{"@type":"WebPage","@id":"https:\/\/bitcoinultrax.com\/pt-pt\/about-us\/","url":"https:\/\/bitcoinultrax.com\/pt-pt\/about-us\/","name":"Sobre n\u00f3s - Bitcoin Ultra X","isPartOf":{"@id":"https:\/\/bitcoinultrax.com\/#website"},"datePublished":"2024-05-27T16:57:39+00:00","dateModified":"2026-04-22T22:47:09+00:00","breadcrumb":{"@id":"https:\/\/bitcoinultrax.com\/pt-pt\/about-us\/#breadcrumb"},"inLanguage":"pt-PT","potentialAction":[{"@type":"ReadAction","target":["https:\/\/bitcoinultrax.com\/pt-pt\/about-us\/"]}]},{"@type":"BreadcrumbList","@id":"https:\/\/bitcoinultrax.com\/pt-pt\/about-us\/#breadcrumb","itemListElement":[{"@type":"ListItem","position":1,"name":"Home","item":"https:\/\/bitcoinultrax.com\/"},{"@type":"ListItem","position":2,"name":"Sobre n\u00f3s"}]},{"@type":"WebSite","@id":"https:\/\/bitcoinultrax.com\/#website","url":"https:\/\/bitcoinultrax.com\/","name":"Bitcoin Ultra X","description":"","potentialAction":[{"@type":"SearchAction","target":{"@type":"EntryPoint","urlTemplate":"https:\/\/bitcoinultrax.com\/?s={search_term_string}"},"query-input":{"@type":"PropertyValueSpecification","valueRequired":true,"valueName":"search_term_string"}}],"inLanguage":"pt-PT"}]}},"_links":{"self":[{"href":"https:\/\/bitcoinultrax.com\/pt-pt\/wp-json\/wp\/v2\/pages\/2881","targetHints":{"allow":["GET"]}}],"collection":[{"href":"https:\/\/bitcoinultrax.com\/pt-pt\/wp-json\/wp\/v2\/pages"}],"about":[{"href":"https:\/\/bitcoinultrax.com\/pt-pt\/wp-json\/wp\/v2\/types\/page"}],"author":[{"embeddable":true,"href":"https:\/\/bitcoinultrax.com\/pt-pt\/wp-json\/wp\/v2\/users\/2"}],"replies":[{"embeddable":true,"href":"https:\/\/bitcoinultrax.com\/pt-pt\/wp-json\/wp\/v2\/comments?post=2881"}],"version-history":[{"count":10,"href":"https:\/\/bitcoinultrax.com\/pt-pt\/wp-json\/wp\/v2\/pages\/2881\/revisions"}],"predecessor-version":[{"id":3319,"href":"https:\/\/bitcoinultrax.com\/pt-pt\/wp-json\/wp\/v2\/pages\/2881\/revisions\/3319"}],"wp:attachment":[{"href":"https:\/\/bitcoinultrax.com\/pt-pt\/wp-json\/wp\/v2\/media?parent=2881"}],"curies":[{"name":"wp","href":"https:\/\/api.w.org\/{rel}","templated":true}]}}