{"id":2883,"date":"2024-05-27T16:57:39","date_gmt":"2024-05-27T16:57:39","guid":{"rendered":"https:\/\/bitcoinultrax.com\/about-us\/"},"modified":"2026-04-22T22:47:15","modified_gmt":"2026-04-22T22:47:15","slug":"about-us","status":"publish","type":"page","link":"https:\/\/bitcoinultrax.com\/sv\/about-us\/","title":{"rendered":"Om oss"},"content":{"rendered":"<h3>Vem startade Bitcoin UltraX?<\/h3>\n<p>Bitcoin UltraX startades av en grupp m\u00e4nniskor som best\u00e5r av handelsexperter, matematiker och investerare. Med sin samlade expertis har de en omfattande kunskap om kryptomarknaderna och vad som kr\u00e4vs f\u00f6r att handla framg\u00e5ngsrikt &#8211; och utformar ett verktyg f\u00f6r att hj\u00e4lpa dig att ta hand om dina kryptoinvesteringar.<\/p>\n<p>Kryptomarknaden kan vara of\u00f6ruts\u00e4gbar p\u00e5 grund av dess temperamentsfulla natur, s\u00e5 Bitcoin UltraX har utformats f\u00f6r att hantera den of\u00f6ruts\u00e4gbarheten.<\/p>\n<h3>Utbilda dig sj\u00e4lv med Bitcoin UltraX<\/h3>\n<p>Bitcoin UltraX \u00e4r utrustad med en m\u00e4ngd utbildningsresurserMed hj\u00e4lp av ditt Bitcoin UltraX-n\u00e4tverk kan du l\u00e4ra dig om olika \u00e4mnen som r\u00f6r handel. Om du \u00e4r nyb\u00f6rjare kan du b\u00f6rja med att \u00f6va och l\u00e4ra dig grunderna. Som befintlig handlare kan du titta p\u00e5 hur du kan finjustera dina strategier och f\u00f6rb\u00e4ttra din vinstpotential.<\/p>\n<p>Vi har tagit fram l\u00e4rresurser som hj\u00e4lper dig att ta dig till n\u00e4sta niv\u00e5 av tradingkompetens och f\u00e5 ut mesta m\u00f6jliga av din tid med trading.<\/p>\n<h3>F\u00e5 ut det mesta av handeln med Bitcoin UltraX<\/h3>\n<p>Med hj\u00e4lp av alla v\u00e5ra hj\u00e4lpsamma funktioner kan du dra nytta av din handelsupplevelse och uppn\u00e5 dina m\u00e5l. N\u00e4r du g\u00e5r med i Bitcoin UltraX garanteras du en gratis m\u00e4klare som hj\u00e4lper dig att l\u00e4ra dig och fatta beslut om ditt konto och dina transaktioner. Vi rekommenderar att du anv\u00e4nder den h\u00e4r resursen, s\u00e4rskilt om du \u00e4r en ny handlare. N\u00e4r Bitcoin UltraX handlar f\u00f6r din r\u00e4kning kan du ta bort k\u00e4nslorna fr\u00e5n handelsprocessen och f\u00f6rlita dig p\u00e5 att algoritmerna fattar dina handelsbeslut \u00e5t dig.<\/p>\n","protected":false},"excerpt":{"rendered":"<p>Vem startade ? startades av en grupp m\u00e4nniskor som best\u00e5r av handelsexperter, matematiker och investerare. Med sin samlade expertis har de en omfattande kunskap om kryptomarknaderna och vad som kr\u00e4vs f\u00f6r att handla framg\u00e5ngsrikt &#8211; och utformar ett verktyg f\u00f6r att hj\u00e4lpa dig att ta hand om dina kryptoinvesteringar. Kryptomarknaden kan vara of\u00f6ruts\u00e4gbar p\u00e5 grund [&hellip;]<\/p>\n","protected":false},"author":2,"featured_media":0,"parent":0,"menu_order":0,"comment_status":"closed","ping_status":"closed","template":"page-about.php","meta":{"footnotes":""},"class_list":["post-2883","page","type-page","status-publish","hentry"],"yoast_head":"<!-- This site is optimized with the Yoast SEO plugin v23.8 - https:\/\/yoast.com\/wordpress\/plugins\/seo\/ -->\n<title>Bitcoin UltraX \u2122 | Offici\u00eble website 2026 | Claim nu!<\/title>\n<meta name=\"robots\" content=\"index, follow, max-snippet:-1, max-image-preview:large, max-video-preview:-1\" \/>\n<meta property=\"og:locale\" content=\"sv_SE\" \/>\n<meta property=\"og:site_name\" content=\"Bitcoin Ultra X\" \/>\n<meta property=\"article:modified_time\" content=\"2026-04-22T22:47:15+00:00\" \/>\n<meta name=\"twitter:card\" content=\"summary_large_image\" \/>\n<meta name=\"twitter:label1\" content=\"Ber\u00e4knad l\u00e4stid\" \/>\n\t<meta name=\"twitter:data1\" content=\"2 minuter\" \/>\n<!-- \/ Yoast SEO plugin. -->","yoast_head_json":{"title":"Bitcoin UltraX \u2122 | Offici\u00eble website 2026 | Claim nu!","robots":{"index":"index","follow":"follow","max-snippet":"max-snippet:-1","max-image-preview":"max-image-preview:large","max-video-preview":"max-video-preview:-1"},"og_locale":"sv_SE","og_site_name":"Bitcoin Ultra X","article_modified_time":"2026-04-22T22:47:15+00:00","twitter_card":"summary_large_image","twitter_misc":{"Ber\u00e4knad l\u00e4stid":"2 minuter"},"schema":{"@context":"https:\/\/schema.org","@graph":[{"@type":"WebPage","@id":"https:\/\/bitcoinultrax.com\/sv\/about-us\/","url":"https:\/\/bitcoinultrax.com\/sv\/about-us\/","name":"Om oss - Bitcoin Ultra X","isPartOf":{"@id":"https:\/\/bitcoinultrax.com\/#website"},"datePublished":"2024-05-27T16:57:39+00:00","dateModified":"2026-04-22T22:47:15+00:00","breadcrumb":{"@id":"https:\/\/bitcoinultrax.com\/sv\/about-us\/#breadcrumb"},"inLanguage":"sv-SE","potentialAction":[{"@type":"ReadAction","target":["https:\/\/bitcoinultrax.com\/sv\/about-us\/"]}]},{"@type":"BreadcrumbList","@id":"https:\/\/bitcoinultrax.com\/sv\/about-us\/#breadcrumb","itemListElement":[{"@type":"ListItem","position":1,"name":"Home","item":"https:\/\/bitcoinultrax.com\/"},{"@type":"ListItem","position":2,"name":"Om oss"}]},{"@type":"WebSite","@id":"https:\/\/bitcoinultrax.com\/#website","url":"https:\/\/bitcoinultrax.com\/","name":"Bitcoin Ultra X","description":"","potentialAction":[{"@type":"SearchAction","target":{"@type":"EntryPoint","urlTemplate":"https:\/\/bitcoinultrax.com\/?s={search_term_string}"},"query-input":{"@type":"PropertyValueSpecification","valueRequired":true,"valueName":"search_term_string"}}],"inLanguage":"sv-SE"}]}},"_links":{"self":[{"href":"https:\/\/bitcoinultrax.com\/sv\/wp-json\/wp\/v2\/pages\/2883","targetHints":{"allow":["GET"]}}],"collection":[{"href":"https:\/\/bitcoinultrax.com\/sv\/wp-json\/wp\/v2\/pages"}],"about":[{"href":"https:\/\/bitcoinultrax.com\/sv\/wp-json\/wp\/v2\/types\/page"}],"author":[{"embeddable":true,"href":"https:\/\/bitcoinultrax.com\/sv\/wp-json\/wp\/v2\/users\/2"}],"replies":[{"embeddable":true,"href":"https:\/\/bitcoinultrax.com\/sv\/wp-json\/wp\/v2\/comments?post=2883"}],"version-history":[{"count":10,"href":"https:\/\/bitcoinultrax.com\/sv\/wp-json\/wp\/v2\/pages\/2883\/revisions"}],"predecessor-version":[{"id":3321,"href":"https:\/\/bitcoinultrax.com\/sv\/wp-json\/wp\/v2\/pages\/2883\/revisions\/3321"}],"wp:attachment":[{"href":"https:\/\/bitcoinultrax.com\/sv\/wp-json\/wp\/v2\/media?parent=2883"}],"curies":[{"name":"wp","href":"https:\/\/api.w.org\/{rel}","templated":true}]}}