{"id":2884,"date":"2024-05-27T16:57:39","date_gmt":"2024-05-27T16:57:39","guid":{"rendered":"https:\/\/bitcoinultrax.com\/about-us\/"},"modified":"2026-04-22T22:47:18","modified_gmt":"2026-04-22T22:47:18","slug":"about-us","status":"publish","type":"page","link":"https:\/\/bitcoinultrax.com\/tr\/about-us\/","title":{"rendered":"Hakk\u0131m\u0131zda"},"content":{"rendered":"<h3>Bitcoin UltraX&#8216;yi Kim Ba\u015flatt\u0131?<\/h3>\n<p>Bitcoin UltraX, ticaret uzmanlar\u0131, matematik\u00e7iler ve yat\u0131r\u0131mc\u0131lardan olu\u015fan bir grup insan taraf\u0131ndan ba\u015flat\u0131ld\u0131. Kolektif uzmanl\u0131klar\u0131yla, kripto piyasalar\u0131 ve ba\u015far\u0131l\u0131 bir \u015fekilde ticaret yapmak i\u00e7in gerekenler hakk\u0131nda kapsaml\u0131 bir bilgiye sahipler &#8211; kripto yat\u0131r\u0131mlar\u0131n\u0131z\u0131n sorumlulu\u011funu alman\u0131za yard\u0131mc\u0131 olacak bir ara\u00e7 tasarl\u0131yorlar.<\/p>\n<p>Kripto piyasas\u0131, de\u011fi\u015fken do\u011fas\u0131 nedeniyle \u00f6ng\u00f6r\u00fclemez olabilir, bu nedenle Bitcoin UltraX bu \u00f6ng\u00f6r\u00fclemezlikle ba\u015fa \u00e7\u0131kmak i\u00e7in tasarlanm\u0131\u015ft\u0131r.<\/p>\n<h3>Bitcoin UltraX ile Kendinizi E\u011fitin<\/h3>\n<p>Bitcoin UltraX bir dizi e\u011fitim kayna\u011f\u0131 ile donat\u0131lm\u0131\u015ft\u0131rBitcoin UltraX a\u011f\u0131n\u0131z\u0131n yard\u0131m\u0131yla, ticaretle ilgili farkl\u0131 konular hakk\u0131nda bilgi edinebilirsiniz. Yeni ba\u015flayan biriyseniz, pratik yaparak ve temel bilgileri \u00f6\u011frenerek ba\u015flayabilirsiniz. Mevcut bir t\u00fcccar olarak, stratejilerinizi de\u011fi\u015ftirmeye ve k\u00e2r potansiyelinizi art\u0131rmaya bakabilirsiniz.<\/p>\n<p>Bir sonraki ticaret uzmanl\u0131\u011f\u0131 seviyesine ula\u015fman\u0131za ve ticaret i\u00e7in harcad\u0131\u011f\u0131n\u0131z zamandan en iyi \u015fekilde yararlanman\u0131za yard\u0131mc\u0131 olmak i\u00e7in \u00f6\u011frenme kaynaklar\u0131 sa\u011flad\u0131k.<\/p>\n<h3>Bitcoin UltraX ile Ticaretten En \u0130yi \u015eekilde Yararlan\u0131n<\/h3>\n<p>T\u00fcm yararl\u0131 \u00f6zelliklerimizin yard\u0131m\u0131yla, ticaret deneyiminizden yararlanabilir ve hedeflerinize ula\u015fabilirsiniz. Bitcoin UltraX&#8216;ye kat\u0131ld\u0131\u011f\u0131n\u0131zda, hesab\u0131n\u0131z ve i\u015flemlerinizle ilgili \u00f6\u011frenmenize ve karar vermenize yard\u0131mc\u0131 olacak \u00fccretsiz bir broker garanti edilir. \u00d6zellikle yeni bir t\u00fcccarsan\u0131z, bu kayna\u011f\u0131 kullanman\u0131z tavsiye edilir. Sizin ad\u0131n\u0131za Bitcoin UltraX ticareti ile, duygular\u0131 ticaret s\u00fcrecinden \u00e7\u0131karabilir ve ticaret kararlar\u0131n\u0131z\u0131 sizin i\u00e7in verecek algoritmalara g\u00fcvenebilirsiniz.<\/p>\n","protected":false},"excerpt":{"rendered":"<p>&#8216;yi Kim Ba\u015flatt\u0131? , ticaret uzmanlar\u0131, matematik\u00e7iler ve yat\u0131r\u0131mc\u0131lardan olu\u015fan bir grup insan taraf\u0131ndan ba\u015flat\u0131ld\u0131. Kolektif uzmanl\u0131klar\u0131yla, kripto piyasalar\u0131 ve ba\u015far\u0131l\u0131 bir \u015fekilde ticaret yapmak i\u00e7in gerekenler hakk\u0131nda kapsaml\u0131 bir bilgiye sahipler &#8211; kripto yat\u0131r\u0131mlar\u0131n\u0131z\u0131n sorumlulu\u011funu alman\u0131za yard\u0131mc\u0131 olacak bir ara\u00e7 tasarl\u0131yorlar. Kripto piyasas\u0131, de\u011fi\u015fken do\u011fas\u0131 nedeniyle \u00f6ng\u00f6r\u00fclemez olabilir, bu nedenle bu \u00f6ng\u00f6r\u00fclemezlikle ba\u015fa \u00e7\u0131kmak [&hellip;]<\/p>\n","protected":false},"author":2,"featured_media":0,"parent":0,"menu_order":0,"comment_status":"closed","ping_status":"closed","template":"page-about.php","meta":{"footnotes":""},"class_list":["post-2884","page","type-page","status-publish","hentry"],"yoast_head":"<!-- This site is optimized with the Yoast SEO plugin v23.8 - https:\/\/yoast.com\/wordpress\/plugins\/seo\/ -->\n<title>Bitcoin UltraX \u2122 | Offici\u00eble website 2026 | Claim nu!<\/title>\n<meta name=\"robots\" content=\"index, follow, max-snippet:-1, max-image-preview:large, max-video-preview:-1\" \/>\n<meta property=\"og:locale\" content=\"tr_TR\" \/>\n<meta property=\"og:site_name\" content=\"Bitcoin Pulse Trader\" \/>\n<meta property=\"article:modified_time\" content=\"2026-04-22T22:47:18+00:00\" \/>\n<meta name=\"twitter:card\" content=\"summary_large_image\" \/>\n<meta name=\"twitter:label1\" content=\"Tahmini okuma s\u00fcresi\" \/>\n\t<meta name=\"twitter:data1\" content=\"1 dakika\" \/>\n<!-- \/ Yoast SEO plugin. -->","yoast_head_json":{"title":"Bitcoin UltraX \u2122 | Offici\u00eble website 2026 | Claim nu!","robots":{"index":"index","follow":"follow","max-snippet":"max-snippet:-1","max-image-preview":"max-image-preview:large","max-video-preview":"max-video-preview:-1"},"og_locale":"tr_TR","og_site_name":"Bitcoin Pulse Trader","article_modified_time":"2026-04-22T22:47:18+00:00","twitter_card":"summary_large_image","twitter_misc":{"Tahmini okuma s\u00fcresi":"1 dakika"},"schema":{"@context":"https:\/\/schema.org","@graph":[{"@type":"WebPage","@id":"https:\/\/bitcoinultrax.com\/tr\/about-us\/","url":"https:\/\/bitcoinultrax.com\/tr\/about-us\/","name":"Hakk\u0131m\u0131zda - Bitcoin Pulse Trader","isPartOf":{"@id":"https:\/\/bitcoinultrax.com\/#website"},"datePublished":"2024-05-27T16:57:39+00:00","dateModified":"2026-04-22T22:47:18+00:00","breadcrumb":{"@id":"https:\/\/bitcoinultrax.com\/tr\/about-us\/#breadcrumb"},"inLanguage":"tr","potentialAction":[{"@type":"ReadAction","target":["https:\/\/bitcoinultrax.com\/tr\/about-us\/"]}]},{"@type":"BreadcrumbList","@id":"https:\/\/bitcoinultrax.com\/tr\/about-us\/#breadcrumb","itemListElement":[{"@type":"ListItem","position":1,"name":"Home","item":"https:\/\/bitcoinultrax.com\/"},{"@type":"ListItem","position":2,"name":"Hakk\u0131m\u0131zda"}]},{"@type":"WebSite","@id":"https:\/\/bitcoinultrax.com\/#website","url":"https:\/\/bitcoinultrax.com\/","name":"Bitcoin Pulse Trader","description":"","potentialAction":[{"@type":"SearchAction","target":{"@type":"EntryPoint","urlTemplate":"https:\/\/bitcoinultrax.com\/?s={search_term_string}"},"query-input":{"@type":"PropertyValueSpecification","valueRequired":true,"valueName":"search_term_string"}}],"inLanguage":"tr"}]}},"_links":{"self":[{"href":"https:\/\/bitcoinultrax.com\/tr\/wp-json\/wp\/v2\/pages\/2884","targetHints":{"allow":["GET"]}}],"collection":[{"href":"https:\/\/bitcoinultrax.com\/tr\/wp-json\/wp\/v2\/pages"}],"about":[{"href":"https:\/\/bitcoinultrax.com\/tr\/wp-json\/wp\/v2\/types\/page"}],"author":[{"embeddable":true,"href":"https:\/\/bitcoinultrax.com\/tr\/wp-json\/wp\/v2\/users\/2"}],"replies":[{"embeddable":true,"href":"https:\/\/bitcoinultrax.com\/tr\/wp-json\/wp\/v2\/comments?post=2884"}],"version-history":[{"count":10,"href":"https:\/\/bitcoinultrax.com\/tr\/wp-json\/wp\/v2\/pages\/2884\/revisions"}],"predecessor-version":[{"id":3322,"href":"https:\/\/bitcoinultrax.com\/tr\/wp-json\/wp\/v2\/pages\/2884\/revisions\/3322"}],"wp:attachment":[{"href":"https:\/\/bitcoinultrax.com\/tr\/wp-json\/wp\/v2\/media?parent=2884"}],"curies":[{"name":"wp","href":"https:\/\/api.w.org\/{rel}","templated":true}]}}